{"id":9513,"date":"2017-10-26T19:48:23","date_gmt":"2017-10-26T17:48:23","guid":{"rendered":"http:\/\/www.fcmtesting.com\/?page_id=9513"},"modified":"2025-11-13T11:38:57","modified_gmt":"2025-11-13T10:38:57","slug":"kontakt-fcmtesting-aps","status":"publish","type":"page","link":"https:\/\/www.fcmtesting.com\/en\/kontakt-fcmtesting-aps\/","title":{"rendered":"Contact"},"content":{"rendered":"\t\t<div data-elementor-type=\"wp-page\" data-elementor-id=\"9513\" class=\"elementor elementor-9513\">\n\t\t\t\t<div class=\"elementor-element elementor-element-6808f2e e-flex e-con-boxed e-con e-parent\" data-id=\"6808f2e\" data-element_type=\"container\" data-e-type=\"container\">\n\t\t\t\t\t<div class=\"e-con-inner\">\n\t\t<div class=\"elementor-element elementor-element-1fa7fb7 e-con-full e-flex e-con e-child\" data-id=\"1fa7fb7\" data-element_type=\"container\" data-e-type=\"container\" data-settings=\"{&quot;background_background&quot;:&quot;gradient&quot;}\">\n\t\t\t\t<div class=\"elementor-element elementor-element-7e9047e elementor-widget elementor-widget-text-editor\" data-id=\"7e9047e\" data-element_type=\"widget\" data-e-type=\"widget\" data-widget_type=\"text-editor.default\">\n\t\t\t\t<div class=\"elementor-widget-container\">\n\t\t\t\t\t\t\t\t\t<p>Kontakt FCMtesting ApS<\/p>\t\t\t\t\t\t\t\t<\/div>\n\t\t\t\t<\/div>\n\t\t\t\t<div class=\"elementor-element elementor-element-3cf7e14 elementor-widget elementor-widget-text-editor\" data-id=\"3cf7e14\" data-element_type=\"widget\" data-e-type=\"widget\" data-widget_type=\"text-editor.default\">\n\t\t\t\t<div class=\"elementor-widget-container\">\n\t\t\t\t\t\t\t\t\t<p>Har du brug for hj\u00e6lp med test, dokumentation eller overensstemmelseserkl\u00e6ring for materialer, der er beregnet til kontakt med f\u00f8devarer?<br data-start=\"412\" data-end=\"415\" \/>Hos <strong data-start=\"419\" data-end=\"461\">FCMtesting ApS <\/strong>i Odder, syd for Aarhus, f\u00e5r du personlig r\u00e5dgivning og professionel bistand til at sikre fuld compliance med g\u00e6ldende EU-forordninger og danske regler.<\/p><h2>\u00a0<\/h2><h2>Kontaktinformation<\/h2><address><span style=\"font-style: normal;\"><strong>FCMtesting ApS<\/strong><br \/>v. Per Holst-Hansen<br \/>Ballevej 1<br \/>8300 Odder<br \/><strong>Telefon:<\/strong> <a href=\"tel:+4541200049\">+45 41 20 00 49<\/a><br \/><strong>Email:<\/strong> <a href=\"mailto:kontakt@fcmtesting.com\">kontakt@fcmtesting.com<\/a><br \/><strong>CVR:<\/strong> 40596143<\/span><\/address><address><a style=\"font-style: normal;\" href=\"https:\/\/maps.app.goo.gl\/A3dXt2CS8jNSNdr46\" target=\"_blank\" rel=\"nofollow noopener\">Find vej\u00a0 til os<\/a><\/address><h2>Hvad kan vi hj\u00e6lpe med?<\/h2><p>Vi r\u00e5dgiver og hj\u00e6lper virksomheder med <strong>lovgivning, test og dokumentation<\/strong> af <strong><a href=\"https:\/\/www.fcmtesting.com\/fodevarekontaktmaterialer\/\">f\u00f8devarekontaktmaterialer<\/a> (FKM)<\/strong>.<\/p><p>Vores kerneydelser inkluderer:<\/p><ul><li>Test og dokumentation iht. <b>nyeste og g\u00e6ldende lovgivning<\/b><\/li><li><strong>Migrationstest<\/strong> og koordinering af laboratorieanalyser<\/li><li>Udarbejdelse og validering af <a href=\"https:\/\/www.fcmtesting.com\/fodevarekontaktmaterialer\/overensstemmelse\/\" target=\"_blank\" rel=\"noopener\"><strong>overensstemmelseserkl\u00e6ringer<\/strong><\/a><\/li><li>Gennemgang og opdatering af eksisterende dokumentation<\/li><li>Support til krav fra myndigheder, kunder og marked<\/li><\/ul><h2>Hvorfor v\u00e6lge FCMtesting ApS?<\/h2><ul><li><a href=\"https:\/\/registry.danak.dk\/71613\/registry\/595\" target=\"_blank\" rel=\"noopener\">Akkrediterede<\/a> specialister i EU\u2019s og Danmarks regler for f\u00f8devarekontaktmaterialer<\/li><li>Skr\u00e6ddersyede l\u00f8sninger til din branche og produkttype<\/li><li>Effektiv og gennemsigtig dokumentationsproces<\/li><li>Fjerner risikoen for fejl, b\u00f8der og forsinkelser<\/li><li>Leveringsklar dokumentation \u2013 testresultater, analyser og rapporter<\/li><\/ul><h2>F\u00e5 styr p\u00e5 jeres FKM-compliance \u2013 kontakt os i dag<\/h2><p>Uanset om I mangler en test, en ny <a href=\"https:\/\/www.fcmtesting.com\/fodevarekontaktmaterialer\/overensstemmelse\/\" target=\"_blank\" rel=\"noopener\">overensstemmelseserkl\u00e6ring<\/a> eller en gennemgang af jeres tekniske dokumentation, st\u00e5r vi klar til at hj\u00e6lpe.<\/p><p><strong>Kontakt FCMtesting ApS<\/strong> i dag for en uforpligtende samtale \u2013 og f\u00e5 styr p\u00e5 jeres f\u00f8devarekontaktmaterialer hurtigt og professionelt.<\/p>\t\t\t\t\t\t\t\t<\/div>\n\t\t\t\t<\/div>\n\t\t\t\t<div class=\"elementor-element elementor-element-d5c6fdf elementor-hidden-desktop elementor-widget elementor-widget-image\" data-id=\"d5c6fdf\" data-element_type=\"widget\" data-e-type=\"widget\" data-widget_type=\"image.default\">\n\t\t\t\t<div class=\"elementor-widget-container\">\n\t\t\t\t\t\t\t\t\t\t\t\t\t\t\t<img loading=\"lazy\" decoding=\"async\" width=\"800\" height=\"450\" src=\"https:\/\/www.fcmtesting.com\/wp-content\/uploads\/2025\/07\/fcmtesting-header-thumbnail.webp\" class=\"attachment-large size-large wp-image-13694\" alt=\"Test af f\u00f8devarekontaktmaterialer i laboratorie hos FCMtesting ApS\" srcset=\"https:\/\/www.fcmtesting.com\/wp-content\/uploads\/2025\/07\/fcmtesting-header-thumbnail.webp 800w, https:\/\/www.fcmtesting.com\/wp-content\/uploads\/2025\/07\/fcmtesting-header-thumbnail-500x281.webp 500w, https:\/\/www.fcmtesting.com\/wp-content\/uploads\/2025\/07\/fcmtesting-header-thumbnail-768x432.webp 768w\" sizes=\"auto, (max-width: 800px) 100vw, 800px\" \/>\t\t\t\t\t\t\t\t\t\t\t\t\t\t\t<\/div>\n\t\t\t\t<\/div>\n\t\t\t\t<\/div>\n\t\t<div class=\"elementor-element elementor-element-96b8e7c e-con-full e-flex e-con e-child\" data-id=\"96b8e7c\" data-element_type=\"container\" data-e-type=\"container\">\n\t\t\t\t<div class=\"elementor-element elementor-element-c6a6a9f elementor-hidden-tablet elementor-hidden-mobile elementor-widget elementor-widget-video\" data-id=\"c6a6a9f\" data-element_type=\"widget\" data-e-type=\"widget\" data-settings=\"{&quot;video_type&quot;:&quot;hosted&quot;,&quot;autoplay&quot;:&quot;yes&quot;,&quot;play_on_mobile&quot;:&quot;yes&quot;,&quot;loop&quot;:&quot;yes&quot;}\" data-widget_type=\"video.default\">\n\t\t\t\t<div class=\"elementor-widget-container\">\n\t\t\t\t\t\t\t<div class=\"e-hosted-video elementor-wrapper elementor-open-inline\">\n\t\t\t\t\t<video class=\"elementor-video\" src=\"https:\/\/www.fcmtesting.com\/wp-content\/uploads\/2025\/08\/About-Us-Uk-Version.mp4\" autoplay=\"\" loop=\"\" playsinline=\"\" controlsList=\"nodownload\"><\/video>\n\t\t\t\t<\/div>\n\t\t\t\t\t\t<\/div>\n\t\t\t\t<\/div>\n\t\t\t\t<\/div>\n\t\t\t\t\t<\/div>\n\t\t\t\t<\/div>\n\t\t<div class=\"elementor-element elementor-element-27d66019 e-flex e-con-boxed e-con e-parent\" data-id=\"27d66019\" data-element_type=\"container\" data-e-type=\"container\">\n\t\t\t\t\t<div class=\"e-con-inner\">\n\t\t\t\t<div class=\"elementor-element elementor-element-ba67fd6 elementor-widget elementor-widget-wpforms\" data-id=\"ba67fd6\" data-element_type=\"widget\" data-e-type=\"widget\" data-widget_type=\"wpforms.default\">\n\t\t\t\t<div class=\"elementor-widget-container\">\n\t\t\t\t\t<style id=\"wpforms-css-vars-elementor-widget-ba67fd6\">\n\t\t\t\t.elementor-widget-wpforms.elementor-element-ba67fd6 {\n\t\t\t\t--wpforms-field-text-color: #181818;\n--wpforms-button-background-color: #1E72B9;\n--wpforms-field-background-color: #FFFFFF;\n--wpforms-button-text-color: #FFFFFF;\n--wpforms-label-color: #181818;\n--wpforms-field-size-input-height: 31px;\n--wpforms-field-size-input-spacing: 10px;\n--wpforms-field-size-font-size: 14px;\n--wpforms-field-size-line-height: 17px;\n--wpforms-field-size-padding-h: 9px;\n--wpforms-field-size-checkbox-size: 14px;\n--wpforms-field-size-sublabel-spacing: 5px;\n--wpforms-field-size-icon-size: 0.75;\n--wpforms-label-size-font-size: 14px;\n--wpforms-label-size-line-height: 17px;\n--wpforms-label-size-sublabel-font-size: 13px;\n--wpforms-label-size-sublabel-line-height: 16px;\n\t\t\t}\n\t\t\t<\/style><div class=\"wpforms-container wpforms-container-full wpforms-render-modern\" id=\"wpforms-13524\"><form id=\"wpforms-form-13524\" class=\"wpforms-validate wpforms-form wpforms-ajax-form\" data-formid=\"13524\" method=\"post\" enctype=\"multipart\/form-data\" action=\"\/en\/wp-json\/wp\/v2\/pages\/9513\" data-token=\"3f41a528fca60254cd7b5a7786588ddd\" data-token-time=\"1776676200\"><noscript class=\"wpforms-error-noscript\">Please enable JavaScript in your browser to complete this form.<\/noscript><div id=\"wpforms-error-noscript\" style=\"display: none;\">Please enable JavaScript in your browser to complete this form.<\/div><div class=\"wpforms-field-container\"><div id=\"wpforms-13524-field_1-container\" class=\"wpforms-field wpforms-field-name\" data-field-id=\"1\"><label class=\"wpforms-field-label\" for=\"wpforms-13524-field_1\">Navn <span class=\"wpforms-required-label\" aria-hidden=\"true\">*<\/span><\/label><input type=\"text\" id=\"wpforms-13524-field_1\" class=\"wpforms-field-medium wpforms-field-required\" name=\"wpforms[fields][1]\" aria-errormessage=\"wpforms-13524-field_1-error\" required><\/div><div id=\"wpforms-13524-field_4-container\" class=\"wpforms-field wpforms-field-text\" data-field-id=\"4\"><label class=\"wpforms-field-label\" for=\"wpforms-13524-field_4\">Virksomhed <span class=\"wpforms-required-label\" aria-hidden=\"true\">*<\/span><\/label><input type=\"text\" id=\"wpforms-13524-field_4\" class=\"wpforms-field-medium wpforms-field-required\" name=\"wpforms[fields][4]\" aria-errormessage=\"wpforms-13524-field_4-error\" required><\/div><div id=\"wpforms-13524-field_6-container\" class=\"wpforms-field wpforms-field-number\" data-field-id=\"6\"><label class=\"wpforms-field-label\" for=\"wpforms-13524-field_6\">Telefonnummer <span class=\"wpforms-required-label\" aria-hidden=\"true\">*<\/span><\/label><input type=\"number\" id=\"wpforms-13524-field_6\" class=\"wpforms-field-medium wpforms-field-required\" name=\"wpforms[fields][6]\" step=\"any\" aria-errormessage=\"wpforms-13524-field_6-error\" required><\/div><div id=\"wpforms-13524-field_2-container\" class=\"wpforms-field wpforms-field-email\" data-field-id=\"2\"><label class=\"wpforms-field-label\" for=\"wpforms-13524-field_2\">Email <span class=\"wpforms-required-label\" aria-hidden=\"true\">*<\/span><\/label><input type=\"email\" id=\"wpforms-13524-field_2\" class=\"wpforms-field-medium wpforms-field-required\" name=\"wpforms[fields][2]\" spellcheck=\"false\" aria-errormessage=\"wpforms-13524-field_2-error\" required><\/div><div id=\"wpforms-13524-field_3-container\" class=\"wpforms-field wpforms-field-textarea\" data-field-id=\"3\"><label class=\"wpforms-field-label\" for=\"wpforms-13524-field_3\">Besked<\/label><textarea id=\"wpforms-13524-field_3\" class=\"wpforms-field-medium\" name=\"wpforms[fields][3]\" aria-errormessage=\"wpforms-13524-field_3-error\" ><\/textarea><\/div>\t\t<div id=\"wpforms-13524-field_5-container\"\n\t\t\tclass=\"wpforms-field wpforms-field-text\"\n\t\t\tdata-field-type=\"text\"\n\t\t\tdata-field-id=\"5\"\n\t\t\t>\n\t\t\t<label class=\"wpforms-field-label\" for=\"wpforms-13524-field_5\" >Besked Virksomhed Email<\/label>\n\t\t\t<input type=\"text\" id=\"wpforms-13524-field_5\" class=\"wpforms-field-medium\" name=\"wpforms[fields][5]\" >\n\t\t<\/div>\n\t\t<div id=\"wpforms-13524-field_7-container\" class=\"wpforms-field wpforms-field-checkbox\" data-field-id=\"7\"><fieldset><legend class=\"wpforms-field-label\">Hvordan vil du helst kontaktes?<\/legend><ul id=\"wpforms-13524-field_7\"><li class=\"choice-1 depth-1\"><input type=\"checkbox\" id=\"wpforms-13524-field_7_1\" name=\"wpforms[fields][7][]\" value=\"Telefon\" aria-errormessage=\"wpforms-13524-field_7_1-error\"  ><label class=\"wpforms-field-label-inline\" for=\"wpforms-13524-field_7_1\">Telefon<\/label><\/li><li class=\"choice-2 depth-1\"><input type=\"checkbox\" id=\"wpforms-13524-field_7_2\" name=\"wpforms[fields][7][]\" value=\"Email\" aria-errormessage=\"wpforms-13524-field_7_2-error\"  ><label class=\"wpforms-field-label-inline\" for=\"wpforms-13524-field_7_2\">Email<\/label><\/li><\/ul><\/fieldset><\/div><script>\n\t\t\t\t( function() {\n\t\t\t\t\tconst style = document.createElement( 'style' );\n\t\t\t\t\tstyle.appendChild( document.createTextNode( '#wpforms-13524-field_5-container { position: absolute !important; overflow: hidden !important; display: inline !important; height: 1px !important; width: 1px !important; z-index: -1000 !important; padding: 0 !important; } #wpforms-13524-field_5-container input { visibility: hidden; } #wpforms-conversational-form-page #wpforms-13524-field_5-container label { counter-increment: none; }' ) );\n\t\t\t\t\tdocument.head.appendChild( style );\n\t\t\t\t\tdocument.currentScript?.remove();\n\t\t\t\t} )();\n\t\t\t<\/script><\/div><!-- .wpforms-field-container --><div class=\"wpforms-recaptcha-container wpforms-is-recaptcha wpforms-is-recaptcha-type-invisible\" ><div class=\"g-recaptcha\" data-sitekey=\"6LdfWZ4sAAAAAKXV18R-DylBP5pIdhDJ0FHhNe_9\" data-size=\"invisible\"><\/div><\/div><div class=\"wpforms-submit-container\" ><input type=\"hidden\" name=\"wpforms[id]\" value=\"13524\"><input type=\"hidden\" name=\"page_title\" value=\"\"><input type=\"hidden\" name=\"page_url\" value=\"https:\/\/www.fcmtesting.com\/en\/wp-json\/wp\/v2\/pages\/9513\"><input type=\"hidden\" name=\"url_referer\" value=\"\"><button type=\"submit\" name=\"wpforms[submit]\" id=\"wpforms-submit-13524\" class=\"wpforms-submit\" data-alt-text=\"Sender...\" data-submit-text=\"Send\" aria-live=\"assertive\" value=\"wpforms-submit\">Send<\/button><img loading=\"lazy\" decoding=\"async\" src=\"https:\/\/www.fcmtesting.com\/wp-content\/plugins\/wpforms-lite\/assets\/images\/submit-spin.svg\" class=\"wpforms-submit-spinner\" style=\"display: none;\" width=\"26\" height=\"26\" alt=\"Loading\"><\/div><\/form><\/div>  <!-- .wpforms-container -->\t\t\t\t<\/div>\n\t\t\t\t<\/div>\n\t\t\t\t\t<\/div>\n\t\t\t\t<\/div>\n\t\t<div class=\"elementor-element elementor-element-d6f539e e-flex e-con-boxed e-con e-parent\" data-id=\"d6f539e\" data-element_type=\"container\" data-e-type=\"container\">\n\t\t\t\t\t<div class=\"e-con-inner\">\n\t\t\t\t<div class=\"elementor-element elementor-element-23d5bf0 elementor-widget elementor-widget-google_maps\" data-id=\"23d5bf0\" data-element_type=\"widget\" data-e-type=\"widget\" data-widget_type=\"google_maps.default\">\n\t\t\t\t<div class=\"elementor-widget-container\">\n\t\t\t\t\t\t\t<div class=\"elementor-custom-embed\">\n\t\t\t<iframe loading=\"lazy\"\n\t\t\t\t\tsrc=\"https:\/\/www.google.com\/maps\/embed\/v1\/place?key=AIzaSyCsUYUAGi31lE0WA-AvBTpRSaU8lOdXnoY&#038;q=FCMTesting&#038;zoom=7\"\n\t\t\t\t\ttitle=\"FCMTesting\"\n\t\t\t\t\taria-label=\"FCMTesting\"\n\t\t\t><\/iframe>\n\t\t<\/div>\n\t\t\t\t\t\t<\/div>\n\t\t\t\t<\/div>\n\t\t\t\t<div class=\"elementor-element elementor-element-56411f3 elementor-widget-divider--view-line elementor-widget elementor-widget-divider\" data-id=\"56411f3\" data-element_type=\"widget\" data-e-type=\"widget\" data-widget_type=\"divider.default\">\n\t\t\t\t<div class=\"elementor-widget-container\">\n\t\t\t\t\t\t\t<div class=\"elementor-divider\">\n\t\t\t<span class=\"elementor-divider-separator\">\n\t\t\t\t\t\t<\/span>\n\t\t<\/div>\n\t\t\t\t\t\t<\/div>\n\t\t\t\t<\/div>\n\t\t\t\t<div class=\"elementor-element elementor-element-9d1dd4a elementor-hidden-tablet elementor-hidden-mobile elementor-widget elementor-widget-text-editor\" data-id=\"9d1dd4a\" data-element_type=\"widget\" data-e-type=\"widget\" data-widget_type=\"text-editor.default\">\n\t\t\t\t<div class=\"elementor-widget-container\">\n\t\t\t\t\t\t\t\t\t<h3><strong>FCMtesting ApS <em>\u201cVi r\u00e5dgiver f\u00f8rst \u2013 tester bagefter\u201d<\/em><\/strong><\/h3><p>Personlig r\u00e5dgivning, pr\u00e6cis testkoordinering og dokumentation, der g\u00f8r komplekse regler klare og h\u00e5ndterbare.<\/p><p>Med FCMtesting f\u00e5r I tryghed, compliance og dokumentation, der holder \u2013 hver gang.<\/p>\t\t\t\t\t\t\t\t<\/div>\n\t\t\t\t<\/div>\n\t\t\t\t\t<\/div>\n\t\t\t\t<\/div>\n\t\t\t\t<\/div>\n\t\t","protected":false},"excerpt":{"rendered":"<p>Kontakt FCMtesting ApS Har du brug for hj\u00e6lp med test, dokumentation eller overensstemmelseserkl\u00e6ring for materialer, der er beregnet til kontakt [&hellip;]<\/p>\n","protected":false},"author":1,"featured_media":0,"parent":0,"menu_order":0,"comment_status":"closed","ping_status":"closed","template":"","meta":{"site-sidebar-layout":"default","site-content-layout":"","ast-site-content-layout":"","site-content-style":"default","site-sidebar-style":"default","ast-global-header-display":"","ast-banner-title-visibility":"","ast-main-header-display":"","ast-hfb-above-header-display":"","ast-hfb-below-header-display":"","ast-hfb-mobile-header-display":"","site-post-title":"disabled","ast-breadcrumbs-content":"","ast-featured-img":"","footer-sml-layout":"","theme-transparent-header-meta":"","adv-header-id-meta":"","stick-header-meta":"","header-above-stick-meta":"","header-main-stick-meta":"","header-below-stick-meta":"","astra-migrate-meta-layouts":"default","ast-page-background-enabled":"default","ast-page-background-meta":{"desktop":{"background-color":"var(--ast-global-color-5)","background-image":"","background-repeat":"repeat","background-position":"center center","background-size":"auto","background-attachment":"scroll","background-type":"","background-media":"","overlay-type":"","overlay-color":"","overlay-opacity":"","overlay-gradient":""},"tablet":{"background-color":"","background-image":"","background-repeat":"repeat","background-position":"center center","background-size":"auto","background-attachment":"scroll","background-type":"","background-media":"","overlay-type":"","overlay-color":"","overlay-opacity":"","overlay-gradient":""},"mobile":{"background-color":"","background-image":"","background-repeat":"repeat","background-position":"center center","background-size":"auto","background-attachment":"scroll","background-type":"","background-media":"","overlay-type":"","overlay-color":"","overlay-opacity":"","overlay-gradient":""}},"ast-content-background-meta":{"desktop":{"background-color":"var(--ast-global-color-4)","background-image":"","background-repeat":"repeat","background-position":"center center","background-size":"auto","background-attachment":"scroll","background-type":"","background-media":"","overlay-type":"","overlay-color":"","overlay-opacity":"","overlay-gradient":""},"tablet":{"background-color":"var(--ast-global-color-4)","background-image":"","background-repeat":"repeat","background-position":"center center","background-size":"auto","background-attachment":"scroll","background-type":"","background-media":"","overlay-type":"","overlay-color":"","overlay-opacity":"","overlay-gradient":""},"mobile":{"background-color":"var(--ast-global-color-4)","background-image":"","background-repeat":"repeat","background-position":"center center","background-size":"auto","background-attachment":"scroll","background-type":"","background-media":"","overlay-type":"","overlay-color":"","overlay-opacity":"","overlay-gradient":""}},"footnotes":""},"class_list":["post-9513","page","type-page","status-publish","hentry"],"_links":{"self":[{"href":"https:\/\/www.fcmtesting.com\/en\/wp-json\/wp\/v2\/pages\/9513","targetHints":{"allow":["GET"]}}],"collection":[{"href":"https:\/\/www.fcmtesting.com\/en\/wp-json\/wp\/v2\/pages"}],"about":[{"href":"https:\/\/www.fcmtesting.com\/en\/wp-json\/wp\/v2\/types\/page"}],"author":[{"embeddable":true,"href":"https:\/\/www.fcmtesting.com\/en\/wp-json\/wp\/v2\/users\/1"}],"replies":[{"embeddable":true,"href":"https:\/\/www.fcmtesting.com\/en\/wp-json\/wp\/v2\/comments?post=9513"}],"version-history":[{"count":217,"href":"https:\/\/www.fcmtesting.com\/en\/wp-json\/wp\/v2\/pages\/9513\/revisions"}],"predecessor-version":[{"id":16448,"href":"https:\/\/www.fcmtesting.com\/en\/wp-json\/wp\/v2\/pages\/9513\/revisions\/16448"}],"wp:attachment":[{"href":"https:\/\/www.fcmtesting.com\/en\/wp-json\/wp\/v2\/media?parent=9513"}],"curies":[{"name":"wp","href":"https:\/\/api.w.org\/{rel}","templated":true}]}}