{"id":16490,"date":"2025-12-24T06:26:14","date_gmt":"2025-12-24T05:26:14","guid":{"rendered":"https:\/\/www.fcmtesting.com\/?page_id=16490"},"modified":"2026-04-18T10:07:04","modified_gmt":"2026-04-18T08:07:04","slug":"nyhedsbrev","status":"publish","type":"page","link":"https:\/\/www.fcmtesting.com\/en\/nyhedsbrev\/","title":{"rendered":"Newsletter"},"content":{"rendered":"\t\t<div data-elementor-type=\"wp-page\" data-elementor-id=\"16490\" class=\"elementor elementor-16490\">\n\t\t\t\t<div class=\"elementor-element elementor-element-86d74e9 e-flex e-con-boxed e-con e-parent\" data-id=\"86d74e9\" data-element_type=\"container\" data-e-type=\"container\">\n\t\t\t\t\t<div class=\"e-con-inner\">\n\t\t\t\t<div class=\"elementor-element elementor-element-d0c99eb elementor-widget elementor-widget-heading\" data-id=\"d0c99eb\" data-element_type=\"widget\" data-e-type=\"widget\" data-widget_type=\"heading.default\">\n\t\t\t\t<div class=\"elementor-widget-container\">\n\t\t\t\t\t<h1 class=\"elementor-heading-title elementor-size-default\">Tilmeld dig til nyhedsbrev om f\u00f8devarekontaktmaterialer<\/h1>\t\t\t\t<\/div>\n\t\t\t\t<\/div>\n\t\t\t\t<div class=\"elementor-element elementor-element-bcbb697 elementor-widget elementor-widget-text-editor\" data-id=\"bcbb697\" data-element_type=\"widget\" data-e-type=\"widget\" data-widget_type=\"text-editor.default\">\n\t\t\t\t<div class=\"elementor-widget-container\">\n\t\t\t\t\t\t\t\t\t<p data-start=\"282\" data-end=\"392\">Arbejder du professionelt med materialer til f\u00f8devarekontakt, kan du her tilmelde dig FCM Testings nyhedsbrev.<\/p><p data-start=\"394\" data-end=\"565\">Nyhedsbrevet er m\u00e5lrettet virksomheder, der har behov for at f\u00f8lge med i lovgivning, krav og v\u00e6sentlige faglige nyheder inden for netop de materialetyper, de arbejder med.<\/p><p data-start=\"567\" data-end=\"776\">Vi sender <strong data-start=\"577\" data-end=\"611\">h\u00f8jst \u00e9t nyhedsbrev om m\u00e5neden<\/strong> \u2013 og kun n\u00e5r der er relevante opdateringer. Hvis der ikke er v\u00e6sentlige \u00e6ndringer eller nyheder inden for dine valgte materialekategorier, modtager du ingen e-mail.<\/p><h3 data-start=\"778\" data-end=\"803\">Hvad kan du forvente?<\/h3><ul data-start=\"804\" data-end=\"1010\"><li data-start=\"804\" data-end=\"867\"><p data-start=\"806\" data-end=\"867\">Opdateringer om \u00e6ndringer i EU-lovgivning og nationale krav<\/p><\/li><li data-start=\"868\" data-end=\"938\"><p data-start=\"870\" data-end=\"938\">V\u00e6sentlige faglige nyheder relateret til f\u00f8devarekontaktmaterialer<\/p><\/li><li data-start=\"939\" data-end=\"1010\"><p data-start=\"941\" data-end=\"1010\">Information, der er relevant for netop de materialetyper, du v\u00e6lger<\/p><\/li><\/ul><p data-start=\"1012\" data-end=\"1133\">Du kan frit v\u00e6lge \u00e9n eller flere materialekategorier.<\/p><p data-start=\"1012\" data-end=\"1133\">Tilmelding er gratis, og du kan til enhver tid afmelde dig igen.<\/p>\t\t\t\t\t\t\t\t<\/div>\n\t\t\t\t<\/div>\n\t\t\t\t\t<\/div>\n\t\t\t\t<\/div>\n\t\t<div class=\"elementor-element elementor-element-84fbe32 e-flex e-con-boxed e-con e-parent\" data-id=\"84fbe32\" data-element_type=\"container\" data-e-type=\"container\">\n\t\t\t\t\t<div class=\"e-con-inner\">\n\t\t\t\t<div class=\"elementor-element elementor-element-49fccce elementor-widget elementor-widget-shortcode\" data-id=\"49fccce\" data-element_type=\"widget\" data-e-type=\"widget\" data-widget_type=\"shortcode.default\">\n\t\t\t\t<div class=\"elementor-widget-container\">\n\t\t\t\t\t\t\t<div class=\"elementor-shortcode\">  \n  \n  <div class=\"\n    mailpoet_form_popup_overlay\n      \"><\/div>\n  <div\n    id=\"mailpoet_form_2\"\n    class=\"\n      mailpoet_form\n      mailpoet_form_shortcode\n      mailpoet_form_position_\n      mailpoet_form_animation_\n    \"\n      >\n\n    <style type=\"text\/css\">\n     #mailpoet_form_2 .mailpoet_form {  }\n#mailpoet_form_2 form { margin-bottom: 0; }\n#mailpoet_form_2 p.mailpoet_form_paragraph { margin-bottom: 10px; }\n#mailpoet_form_2 .mailpoet_column_with_background { padding: 10px; }\n#mailpoet_form_2 .mailpoet_form_column:not(:first-child) { margin-left: 20px; }\n#mailpoet_form_2 .mailpoet_paragraph { line-height: 20px; margin-bottom: 20px; }\n#mailpoet_form_2 .mailpoet_segment_label, #mailpoet_form_2 .mailpoet_text_label, #mailpoet_form_2 .mailpoet_textarea_label, #mailpoet_form_2 .mailpoet_select_label, #mailpoet_form_2 .mailpoet_radio_label, #mailpoet_form_2 .mailpoet_checkbox_label, #mailpoet_form_2 .mailpoet_list_label, #mailpoet_form_2 .mailpoet_date_label { display: block; font-weight: normal; }\n#mailpoet_form_2 .mailpoet_text, #mailpoet_form_2 .mailpoet_textarea, #mailpoet_form_2 .mailpoet_select, #mailpoet_form_2 .mailpoet_date_month, #mailpoet_form_2 .mailpoet_date_day, #mailpoet_form_2 .mailpoet_date_year, #mailpoet_form_2 .mailpoet_date { display: block; }\n#mailpoet_form_2 .mailpoet_text, #mailpoet_form_2 .mailpoet_textarea { width: 200px; }\n#mailpoet_form_2 .mailpoet_checkbox {  }\n#mailpoet_form_2 .mailpoet_submit {  }\n#mailpoet_form_2 .mailpoet_divider {  }\n#mailpoet_form_2 .mailpoet_message {  }\n#mailpoet_form_2 .mailpoet_form_loading { width: 30px; text-align: center; line-height: normal; }\n#mailpoet_form_2 .mailpoet_form_loading > span { width: 5px; height: 5px; background-color: #5b5b5b; }\n#mailpoet_form_2 h2.mailpoet-heading { margin: 0 0 20px 0; }\n#mailpoet_form_2 h1.mailpoet-heading { margin: 0 0 10px; }#mailpoet_form_2{border-radius: 25px;text-align: left;}#mailpoet_form_2 form.mailpoet_form {padding: 30px;}#mailpoet_form_2{width: 100%;}#mailpoet_form_2 .mailpoet_message {margin: 0; padding: 0 20px;}\n        #mailpoet_form_2 .mailpoet_validate_success {color: #00d084}\n        #mailpoet_form_2 input.parsley-success {color: #00d084}\n        #mailpoet_form_2 select.parsley-success {color: #00d084}\n        #mailpoet_form_2 textarea.parsley-success {color: #00d084}\n      \n        #mailpoet_form_2 .mailpoet_validate_error {color: #cf2e2e}\n        #mailpoet_form_2 input.parsley-error {color: #cf2e2e}\n        #mailpoet_form_2 select.parsley-error {color: #cf2e2e}\n        #mailpoet_form_2 textarea.textarea.parsley-error {color: #cf2e2e}\n        #mailpoet_form_2 .parsley-errors-list {color: #cf2e2e}\n        #mailpoet_form_2 .parsley-required {color: #cf2e2e}\n        #mailpoet_form_2 .parsley-custom-error-message {color: #cf2e2e}\n      #mailpoet_form_2 .mailpoet_paragraph.last {margin-bottom: 0} @media (max-width: 500px) {#mailpoet_form_2 {background-image: none;}} @media (min-width: 500px) {#mailpoet_form_2 .last .mailpoet_paragraph:last-child {margin-bottom: 0}}  @media (max-width: 500px) {#mailpoet_form_2 .mailpoet_form_column:last-child .mailpoet_paragraph:last-child {margin-bottom: 0}} \n    <\/style>\n\n    <form\n      target=\"_self\"\n      method=\"post\"\n      action=\"https:\/\/www.fcmtesting.com\/wp-admin\/admin-post.php?action=mailpoet_subscription_form\"\n      class=\"mailpoet_form mailpoet_form_form mailpoet_form_shortcode\"\n      novalidate\n      data-delay=\"\"\n      data-exit-intent-enabled=\"\"\n      data-font-family=\"\"\n      data-cookie-expiration-time=\"\"\n    >\n      <input type=\"hidden\" name=\"data[form_id]\" value=\"2\" \/>\n      <input type=\"hidden\" name=\"token\" value=\"f27df23384\" \/>\n      <input type=\"hidden\" name=\"api_version\" value=\"v1\" \/>\n      <input type=\"hidden\" name=\"endpoint\" value=\"subscribers\" \/>\n      <input type=\"hidden\" name=\"mailpoet_method\" value=\"subscribe\" \/>\n\n      <label class=\"mailpoet_hp_email_label\" style=\"display: none !important;\">Please leave this field empty<input type=\"email\" name=\"data[email]\"\/><\/label><div class=\"mailpoet_form_image is-style-default\"><figure class=\"size-full aligncenter\"><img decoding=\"async\" src=\"https:\/\/www.fcmtesting.com\/wp-content\/uploads\/2025\/03\/Check-dokument.png\" alt=\"FCMtesting ApS nyhedsbrev\" class=\"wp-image-12538\" srcset=\"https:\/\/www.fcmtesting.com\/wp-content\/uploads\/2025\/03\/Check-dokument.png 512w, https:\/\/www.fcmtesting.com\/wp-content\/uploads\/2025\/03\/Check-dokument-300x300.png 300w\" width=227 height=0 style=\"width: 227px;height: 0px\"><\/figure><\/div>\n<h2 class=\"mailpoet-heading \" style=\"text-align: left; color: #1e72b9\">Tilmeld dig vores nyhedsbrev<\/h2>\n<p class=\"mailpoet_form_paragraph \" style=\"text-align: left\">Nyhedsbrevet udsendes h\u00f8jst \u00e9n gang om m\u00e5neden og kun ved v\u00e6sentlige nyheder eller \u00e6ndrede krav for de valgte materialetyper. <\/p>\n<p class=\"mailpoet_form_paragraph \" style=\"text-align: left\"><a href=\"https:\/\/www.fcmtesting.com\/nyhedsbreve\/\" target=\"_blank\" rel=\"noreferrer noopener\">Bes\u00f8g vores arkiv over tidligere nyhedsbreve her.<\/a><\/p>\n<div class='mailpoet_spacer mailpoet_has_divider' style='height: 15px;'><div class='mailpoet_divider' data-automation-id='form_divider' style='border-top-style: solid;border-top-width: 15px;border-top-color: #ffffff;height: 15px;width: 100%'><\/div><\/div>\n<p class=\"mailpoet_form_paragraph \" style=\"text-align: left\"><strong>Materialetype (v\u00e6lg \u00e9n eller flere):<\/strong><\/p>\n<div class=\"mailpoet_paragraph \"><fieldset><label class=\"mailpoet_checkbox_label\" for=\"mailpoet_segment_1\" style=\"font-size: 16px;line-height: 1.2;\"><input type=\"checkbox\" class=\"mailpoet_checkbox\" id=\"mailpoet_segment_1\" name=\"data[form_field_MjQ1MzgzMDJkNzhhX3NlZ21lbnRz][]\" value=\"3\"  data-parsley-errors-container=\".mailpoet_error_8mtc9\" data-parsley-required=\"true\" required aria-required=\"true\" data-parsley-group=\"segments\" data-parsley-required-message=\"Please select a list.\" \/> Plast<\/label><label class=\"mailpoet_checkbox_label\" for=\"mailpoet_segment_2\" style=\"font-size: 16px;line-height: 1.2;\"><input type=\"checkbox\" class=\"mailpoet_checkbox\" id=\"mailpoet_segment_2\" name=\"data[form_field_MjQ1MzgzMDJkNzhhX3NlZ21lbnRz][]\" value=\"4\"  data-parsley-errors-container=\".mailpoet_error_8mtc9\" data-parsley-required=\"true\" required aria-required=\"true\" data-parsley-group=\"segments\" data-parsley-required-message=\"Please select a list.\" \/> Silikone<\/label><label class=\"mailpoet_checkbox_label\" for=\"mailpoet_segment_3\" style=\"font-size: 16px;line-height: 1.2;\"><input type=\"checkbox\" class=\"mailpoet_checkbox\" id=\"mailpoet_segment_3\" name=\"data[form_field_MjQ1MzgzMDJkNzhhX3NlZ21lbnRz][]\" value=\"6\"  data-parsley-errors-container=\".mailpoet_error_8mtc9\" data-parsley-required=\"true\" required aria-required=\"true\" data-parsley-group=\"segments\" data-parsley-required-message=\"Please select a list.\" \/> Metal<\/label><label class=\"mailpoet_checkbox_label\" for=\"mailpoet_segment_4\" style=\"font-size: 16px;line-height: 1.2;\"><input type=\"checkbox\" class=\"mailpoet_checkbox\" id=\"mailpoet_segment_4\" name=\"data[form_field_MjQ1MzgzMDJkNzhhX3NlZ21lbnRz][]\" value=\"5\"  data-parsley-errors-container=\".mailpoet_error_8mtc9\" data-parsley-required=\"true\" required aria-required=\"true\" data-parsley-group=\"segments\" data-parsley-required-message=\"Please select a list.\" \/> Glas og keramik<\/label><label class=\"mailpoet_checkbox_label\" for=\"mailpoet_segment_5\" style=\"font-size: 16px;line-height: 1.2;\"><input type=\"checkbox\" class=\"mailpoet_checkbox\" id=\"mailpoet_segment_5\" name=\"data[form_field_MjQ1MzgzMDJkNzhhX3NlZ21lbnRz][]\" value=\"7\"  data-parsley-errors-container=\".mailpoet_error_8mtc9\" data-parsley-required=\"true\" required aria-required=\"true\" data-parsley-group=\"segments\" data-parsley-required-message=\"Please select a list.\" \/> Tr\u00e6 og bambus<\/label><label class=\"mailpoet_checkbox_label\" for=\"mailpoet_segment_6\" style=\"font-size: 16px;line-height: 1.2;\"><input type=\"checkbox\" class=\"mailpoet_checkbox\" id=\"mailpoet_segment_6\" name=\"data[form_field_MjQ1MzgzMDJkNzhhX3NlZ21lbnRz][]\" value=\"8\"  data-parsley-errors-container=\".mailpoet_error_8mtc9\" data-parsley-required=\"true\" required aria-required=\"true\" data-parsley-group=\"segments\" data-parsley-required-message=\"Please select a list.\" \/> Papir og pap<\/label><label class=\"mailpoet_checkbox_label\" for=\"mailpoet_segment_7\" style=\"font-size: 16px;line-height: 1.2;\"><input type=\"checkbox\" class=\"mailpoet_checkbox\" id=\"mailpoet_segment_7\" name=\"data[form_field_MjQ1MzgzMDJkNzhhX3NlZ21lbnRz][]\" value=\"9\"  data-parsley-errors-container=\".mailpoet_error_8mtc9\" data-parsley-required=\"true\" required aria-required=\"true\" data-parsley-group=\"segments\" data-parsley-required-message=\"Please select a list.\" \/> Farver og coating<\/label><label class=\"mailpoet_checkbox_label\" for=\"mailpoet_segment_8\" style=\"font-size: 16px;line-height: 1.2;\"><input type=\"checkbox\" class=\"mailpoet_checkbox\" id=\"mailpoet_segment_8\" name=\"data[form_field_MjQ1MzgzMDJkNzhhX3NlZ21lbnRz][]\" value=\"10\"  data-parsley-errors-container=\".mailpoet_error_8mtc9\" data-parsley-required=\"true\" required aria-required=\"true\" data-parsley-group=\"segments\" data-parsley-required-message=\"Please select a list.\" \/> Alle materialer<\/label><span class=\"mailpoet_error_8mtc9\"><\/span><\/fieldset><\/div>\n<div class='mailpoet_form_columns_container'><div class=\"mailpoet_form_columns mailpoet_paragraph mailpoet_vertically_align_top mailpoet_stack_on_mobile\" style=\"padding:0 0 0 0;\"><div class=\"mailpoet_form_column mailpoet_vertically_align_top\" style=\"flex-basis:100%;\"><\/div>\n<\/div><\/div>\n<div class=\"mailpoet_paragraph \"><input type=\"text\" autocomplete=\"given-name\" class=\"mailpoet_text\" id=\"form_first_name_2\" name=\"data[form_field_ZWU2ZjZlMWNhNDZiX2ZpcnN0X25hbWU=]\" title=\"Navn\" value=\"\" style=\"width:100%;box-sizing:border-box;padding:15px;margin: 0 auto 0 0;font-family:&#039;Montserrat&#039;;font-size:16px;line-height:1.5;height:auto;\" data-automation-id=\"form_first_name\"  placeholder=\"Navn *\" aria-label=\"Navn *\" data-parsley-errors-container=\".mailpoet_error_1tkuk\" data-parsley-names='[&quot;Please specify a valid name.&quot;,&quot;Addresses in names are not permitted, please add your name instead.&quot;]' data-parsley-required=\"true\" required aria-required=\"true\" data-parsley-required-message=\"This field is required.\"\/><span class=\"mailpoet_error_1tkuk\"><\/span><\/div>\n<div class=\"mailpoet_paragraph \"><input type=\"text\" autocomplete=\"on\" class=\"mailpoet_text\" id=\"form_9_2\" name=\"data[cf_9]\" title=\"Virksomhed\" value=\"\" style=\"width:100%;box-sizing:border-box;padding:15px;margin: 0 auto 0 0;font-family:&#039;Montserrat&#039;;font-size:16px;line-height:1.5;height:auto;\"   placeholder=\"Virksomhed *\" aria-label=\"Virksomhed *\" data-parsley-errors-container=\".mailpoet_error_zyeme\" data-parsley-required=\"true\" required aria-required=\"true\" data-parsley-required-message=\"This field is required.\"\/><span class=\"mailpoet_error_zyeme\"><\/span><\/div>\n<div class=\"mailpoet_paragraph \"><input type=\"email\" autocomplete=\"email\" class=\"mailpoet_text\" id=\"form_email_2\" name=\"data[form_field_N2Y4MDkxOTNmZmJlX2VtYWls]\" title=\"E-mailadresse\" value=\"\" style=\"width:100%;box-sizing:border-box;background-color:#f1f1f1;border-style:solid;border-radius:40px !important;border-width:0px;border-color:#313131;padding:15px;margin: 0 auto 0 0;font-family:&#039;Montserrat&#039;;font-size:16px;line-height:1.5;height:auto;\" data-automation-id=\"form_email\"  placeholder=\"E-mailadresse *\" aria-label=\"E-mailadresse *\" data-parsley-errors-container=\".mailpoet_error_1cmcs\" data-parsley-required=\"true\" required aria-required=\"true\" data-parsley-minlength=\"6\" data-parsley-maxlength=\"150\" data-parsley-type-message=\"This value should be a valid email.\" data-parsley-required-message=\"This field is required.\"\/><span class=\"mailpoet_error_1cmcs\"><\/span><\/div>\n<div class='mailpoet_spacer' style='height: 1px;'><\/div>\n<div class=\"mailpoet_recaptcha\" data-sitekey=\"6LdR4gksAAAAAAPvCGmwdHT00ym3fl2l9OTqkMkP\" data-size=\"invisible\">\n      <div class=\"mailpoet_recaptcha_container\"><\/div>\n      <noscript>\n        <div>\n          <div class=\"mailpoet_recaptcha_noscript_container\">\n            <div>\n              <iframe src=\"https:\/\/www.google.com\/recaptcha\/api\/fallback?k=6LdR4gksAAAAAAPvCGmwdHT00ym3fl2l9OTqkMkP\" frameborder=\"0\" scrolling=\"no\">\n              <\/iframe>\n            <\/div>\n          <\/div>\n          <div class=\"mailpoet_recaptcha_noscript_input\">\n            <textarea id=\"g-recaptcha-response\" name=\"data[recaptcha]\" class=\"g-recaptcha-response\">\n            <\/textarea>\n          <\/div>\n        <\/div>\n      <\/noscript>\n      <input class=\"mailpoet_recaptcha_field\" type=\"hidden\" name=\"recaptchaWidgetId\">\n    <\/div><div class=\"mailpoet_paragraph \"><input type=\"submit\" class=\"mailpoet_submit\" value=\"Tilmeld nyhedsbrev\" data-automation-id=\"subscribe-submit-button\" style=\"width:100%;box-sizing:border-box;background-color:#1e72b9;border-style:solid;border-radius:40px !important;border-width:0px;border-color:#313131;padding:9px;margin: 0 auto 0 0;font-family:&#039;Montserrat&#039;;font-size:20px;line-height:1.5;height:auto;color:#ffffff;\" \/><span class=\"mailpoet_form_loading\"><span class=\"mailpoet_bounce1\"><\/span><span class=\"mailpoet_bounce2\"><\/span><span class=\"mailpoet_bounce3\"><\/span><\/span><\/div>\n<p class=\"mailpoet_form_paragraph  mailpoet-has-font-size\" style=\"text-align: center; font-size: 13px; line-height: 1.5\"><em>Vi spammer ikke! L\u00e6s vores <a target=\"_blank\" href=\"https:\/\/www.fcmtesting.com\/privatlivspolitik\/\">privatlivspolitik<\/a> hvis du vil vide mere.<\/em><\/p>\n\n      <div class=\"mailpoet_message\">\n        <p class=\"mailpoet_validate_success\"\n                style=\"display:none;\"\n                >Mange tak for din tilmelding.\nTjek din indbakke eller spam mappe for at bekr\u00e6fte din tilmelding.\n        <\/p>\n        <p class=\"mailpoet_validate_error\"\n                style=\"display:none;\"\n                >        <\/p>\n      <\/div>\n    <\/form>\n\n      <\/div>\n\n  <\/div>\n\t\t\t\t\t\t<\/div>\n\t\t\t\t<\/div>\n\t\t\t\t<div class=\"elementor-element elementor-element-abdbbb4 elementor-widget elementor-widget-text-editor\" data-id=\"abdbbb4\" data-element_type=\"widget\" data-e-type=\"widget\" data-widget_type=\"text-editor.default\">\n\t\t\t\t<div class=\"elementor-widget-container\">\n\t\t\t\t\t\t\t\t\t<h3>Relateret indhold<\/h3>\n<p style=\"margin-bottom:6px;\">\n<a href=\"https:\/\/www.fcmtesting.com\/fodevarekontaktmaterialer\/\">F\u00f8devarekontaktmaterialer \u2013 overblik og krav<\/a>\n<\/p>\n<p style=\"margin-bottom:6px;\">\n<a href=\"https:\/\/www.fcmtesting.com\/fodevarekontaktmaterialer\/lovgivning-om-fodevarekontaktmaterialer\/\">Lovgivning om f\u00f8devarekontaktmaterialer<\/a>\n<\/p>\n<p style=\"margin-bottom:6px;\">\n<a href=\"https:\/\/www.fcmtesting.com\/fodevarekontaktmaterialer\/overensstemmelse\/\">Overensstemmelseserkl\u00e6ring (DoC) for f\u00f8devarekontaktmaterialer<\/a>\n<\/p>\n\t\t\t\t\t\t\t\t<\/div>\n\t\t\t\t<\/div>\n\t\t\t\t\t<\/div>\n\t\t\t\t<\/div>\n\t\t\t\t<\/div>\n\t\t","protected":false},"excerpt":{"rendered":"<p>Tilmeld dig til nyhedsbrev om f\u00f8devarekontaktmaterialer Arbejder du professionelt med materialer til f\u00f8devarekontakt, kan du her tilmelde dig FCM Testings [&hellip;]<\/p>\n","protected":false},"author":7,"featured_media":0,"parent":0,"menu_order":0,"comment_status":"closed","ping_status":"closed","template":"","meta":{"site-sidebar-layout":"no-sidebar","site-content-layout":"","ast-site-content-layout":"full-width-container","site-content-style":"default","site-sidebar-style":"default","ast-global-header-display":"","ast-banner-title-visibility":"","ast-main-header-display":"","ast-hfb-above-header-display":"","ast-hfb-below-header-display":"","ast-hfb-mobile-header-display":"","site-post-title":"disabled","ast-breadcrumbs-content":"","ast-featured-img":"disabled","footer-sml-layout":"","theme-transparent-header-meta":"","adv-header-id-meta":"","stick-header-meta":"","header-above-stick-meta":"","header-main-stick-meta":"","header-below-stick-meta":"","astra-migrate-meta-layouts":"default","ast-page-background-enabled":"default","ast-page-background-meta":{"desktop":{"background-color":"var(--ast-global-color-5)","background-image":"","background-repeat":"repeat","background-position":"center center","background-size":"auto","background-attachment":"scroll","background-type":"","background-media":"","overlay-type":"","overlay-color":"","overlay-opacity":"","overlay-gradient":""},"tablet":{"background-color":"","background-image":"","background-repeat":"repeat","background-position":"center center","background-size":"auto","background-attachment":"scroll","background-type":"","background-media":"","overlay-type":"","overlay-color":"","overlay-opacity":"","overlay-gradient":""},"mobile":{"background-color":"","background-image":"","background-repeat":"repeat","background-position":"center center","background-size":"auto","background-attachment":"scroll","background-type":"","background-media":"","overlay-type":"","overlay-color":"","overlay-opacity":"","overlay-gradient":""}},"ast-content-background-meta":{"desktop":{"background-color":"var(--ast-global-color-4)","background-image":"","background-repeat":"repeat","background-position":"center center","background-size":"auto","background-attachment":"scroll","background-type":"","background-media":"","overlay-type":"","overlay-color":"","overlay-opacity":"","overlay-gradient":""},"tablet":{"background-color":"var(--ast-global-color-4)","background-image":"","background-repeat":"repeat","background-position":"center center","background-size":"auto","background-attachment":"scroll","background-type":"","background-media":"","overlay-type":"","overlay-color":"","overlay-opacity":"","overlay-gradient":""},"mobile":{"background-color":"var(--ast-global-color-4)","background-image":"","background-repeat":"repeat","background-position":"center center","background-size":"auto","background-attachment":"scroll","background-type":"","background-media":"","overlay-type":"","overlay-color":"","overlay-opacity":"","overlay-gradient":""}},"footnotes":""},"class_list":["post-16490","page","type-page","status-publish","hentry"],"_links":{"self":[{"href":"https:\/\/www.fcmtesting.com\/en\/wp-json\/wp\/v2\/pages\/16490","targetHints":{"allow":["GET"]}}],"collection":[{"href":"https:\/\/www.fcmtesting.com\/en\/wp-json\/wp\/v2\/pages"}],"about":[{"href":"https:\/\/www.fcmtesting.com\/en\/wp-json\/wp\/v2\/types\/page"}],"author":[{"embeddable":true,"href":"https:\/\/www.fcmtesting.com\/en\/wp-json\/wp\/v2\/users\/7"}],"replies":[{"embeddable":true,"href":"https:\/\/www.fcmtesting.com\/en\/wp-json\/wp\/v2\/comments?post=16490"}],"version-history":[{"count":34,"href":"https:\/\/www.fcmtesting.com\/en\/wp-json\/wp\/v2\/pages\/16490\/revisions"}],"predecessor-version":[{"id":17084,"href":"https:\/\/www.fcmtesting.com\/en\/wp-json\/wp\/v2\/pages\/16490\/revisions\/17084"}],"wp:attachment":[{"href":"https:\/\/www.fcmtesting.com\/en\/wp-json\/wp\/v2\/media?parent=16490"}],"curies":[{"name":"wp","href":"https:\/\/api.w.org\/{rel}","templated":true}]}}