{"id":12960,"date":"2025-03-19T12:39:44","date_gmt":"2025-03-19T11:39:44","guid":{"rendered":"https:\/\/www.fcmtesting.com\/wp-content\/mystaging01\/?page_id=12960"},"modified":"2025-10-30T11:04:22","modified_gmt":"2025-10-30T10:04:22","slug":"metal","status":"publish","type":"page","link":"https:\/\/www.fcmtesting.com\/en\/fodevarekontaktmaterialer\/metal\/","title":{"rendered":"Metal"},"content":{"rendered":"<div data-elementor-type=\"wp-page\" data-elementor-id=\"12960\" class=\"elementor elementor-12960\">\n\t\t\t\t<div class=\"elementor-element elementor-element-83c4601 e-con-full e-flex e-con e-parent\" data-id=\"83c4601\" data-element_type=\"container\" data-e-type=\"container\">\n\t\t\t\t<div class=\"elementor-element elementor-element-4de3761 elementor-widget elementor-widget-heading\" data-id=\"4de3761\" data-element_type=\"widget\" data-e-type=\"widget\" data-widget_type=\"heading.default\">\n\t\t\t\t<div class=\"elementor-widget-container\">\n\t\t\t\t\t<h1 class=\"elementor-heading-title elementor-size-default\">Metals<\/h1>\t\t\t\t<\/div>\n\t\t\t\t<\/div>\n\t\t\t\t<div class=\"elementor-element elementor-element-8f529c8 elementor-widget elementor-widget-heading\" data-id=\"8f529c8\" data-element_type=\"widget\" data-e-type=\"widget\" data-widget_type=\"heading.default\">\n\t\t\t\t<div class=\"elementor-widget-container\">\n\t\t\t\t\t<h2 class=\"elementor-heading-title elementor-size-default\">We test, document and advise to ensure your products comply with applicable legal requirements.<\/h2>\t\t\t\t<\/div>\n\t\t\t\t<\/div>\n\t\t\t\t<\/div>\n\t\t<div class=\"elementor-element elementor-element-492082c e-flex e-con-boxed e-con e-parent\" data-id=\"492082c\" data-element_type=\"container\" data-e-type=\"container\">\n\t\t\t\t\t<div class=\"e-con-inner\">\n\t\t\t\t<div class=\"elementor-element elementor-element-94cc137 elementor-widget elementor-widget-spacer\" data-id=\"94cc137\" data-element_type=\"widget\" data-e-type=\"widget\" data-widget_type=\"spacer.default\">\n\t\t\t\t<div class=\"elementor-widget-container\">\n\t\t\t\t\t\t\t<div class=\"elementor-spacer\">\n\t\t\t<div class=\"elementor-spacer-inner\"><\/div>\n\t\t<\/div>\n\t\t\t\t\t\t<\/div>\n\t\t\t\t<\/div>\n\t\t\t\t<div class=\"elementor-element elementor-element-26d54f9 elementor-widget elementor-widget-image\" data-id=\"26d54f9\" data-element_type=\"widget\" data-e-type=\"widget\" data-widget_type=\"image.default\">\n\t\t\t\t<div class=\"elementor-widget-container\">\n\t\t\t\t\t\t\t\t\t\t\t\t\t\t\t<img loading=\"lazy\" decoding=\"async\" width=\"768\" height=\"512\" src=\"https:\/\/www.fcmtesting.com\/wp-content\/uploads\/2025\/08\/Metaller-768x512.webp\" class=\"attachment-medium_large size-medium_large wp-image-14247\" alt=\"Metaller\" srcset=\"https:\/\/www.fcmtesting.com\/wp-content\/uploads\/2025\/08\/Metaller-768x512.webp 768w, https:\/\/www.fcmtesting.com\/wp-content\/uploads\/2025\/08\/Metaller-450x300.webp 450w, https:\/\/www.fcmtesting.com\/wp-content\/uploads\/2025\/08\/Metaller-1536x1024.webp 1536w, https:\/\/www.fcmtesting.com\/wp-content\/uploads\/2025\/08\/Metaller.webp 1620w\" sizes=\"auto, (max-width: 768px) 100vw, 768px\" \/>\t\t\t\t\t\t\t\t\t\t\t\t\t\t\t<\/div>\n\t\t\t\t<\/div>\n\t\t\t\t<div class=\"elementor-element elementor-element-4c9065f elementor-widget elementor-widget-spacer\" data-id=\"4c9065f\" data-element_type=\"widget\" data-e-type=\"widget\" data-widget_type=\"spacer.default\">\n\t\t\t\t<div class=\"elementor-widget-container\">\n\t\t\t\t\t\t\t<div class=\"elementor-spacer\">\n\t\t\t<div class=\"elementor-spacer-inner\"><\/div>\n\t\t<\/div>\n\t\t\t\t\t\t<\/div>\n\t\t\t\t<\/div>\n\t\t\t\t\t<\/div>\n\t\t\t\t<\/div>\n\t\t<div class=\"elementor-element elementor-element-e4b0234 e-con-full e-flex e-con e-parent\" data-id=\"e4b0234\" data-element_type=\"container\" data-e-type=\"container\">\n\t\t<div class=\"elementor-element elementor-element-f17bdb2 e-con-full e-flex e-con e-child\" data-id=\"f17bdb2\" data-element_type=\"container\" data-e-type=\"container\">\n\t\t\t\t<div class=\"elementor-element elementor-element-be8ae35 elementor-widget elementor-widget-text-editor\" data-id=\"be8ae35\" data-element_type=\"widget\" data-e-type=\"widget\" data-widget_type=\"text-editor.default\">\n\t\t\t\t<div class=\"elementor-widget-container\">\n\t\t\t\t\t\t\t\t\t<h2>Sikkerhed ved metaller i kontakt med f\u00f8devarer<\/h2><p>At FCMtesting ApS in Odder, south of Aarhus, we ensure that your metal products comply with applicable EU regulations and national standards. We provide documentation so you can market your products safely and legally.<\/p><h3>We offer:<\/h3><ul><li><span class=\"tooltippy\" data-tooltippy=\"En release test m\u00e5ler, hvor meget metal der afgives til f\u00f8devaren under realistiske forhold. Den bruges typisk til ubehandlede metaller, hvor der sker kemisk nedbrydning ved kontakt med syre.\">Release test<\/span> for at sikre, at jeres produkt ikke afgiver metaller over de tilladte gr\u00e6nser.<\/li><li>Declaration of Compliance according to EU regulations, so that your documentation is legally correct.<\/li><li>R\u00e5dgivning om lovgivning og dokumentationskrav, s\u00e5 I opn\u00e5r fuld compliance.<\/li><\/ul><h2>What should you be aware of when metal comes into contact with food?<\/h2><p>When working with metal products for food contact, there are several practical and technical aspects worth knowing. At FCMtesting, we share the knowledge that makes it easier to make the right choices.<\/p><h3>Acidic foods break down metal<\/h3><p>Acidic foods such as tomato sauce, citrus fruits and fruit purees can break down the metal surface and release metals directly into the food. This is especially true for untreated metals such as aluminum, iron and copper. Water can also contribute to corrosion and leaching over time. This is why we talk about <span class=\"tooltippy\" data-tooltippy=\"Ved metaller betyder 'release', at der sker en kemisk nedbrydning af materialet, som kan f\u00f8re til afgivelse af metaller til f\u00f8devaren. Det adskiller sig fra migration, hvor stoffer diffunderer gennem materialer som plast.\">release<\/span> instead of <span class=\"tooltippy\" data-tooltippy=\"Migration beskriver, hvordan stoffer diffunderer fra et materiale til f\u00f8devaren uden at materialet nedbrydes. Det bruges typisk ved plast og bel\u00e6gninger.\">migration<\/span>, when testing metals \u2013 because chemical decomposition occurs, not just diffusion.<\/p><p>The food industry often uses acid-resistant stainless steel types, but these are more expensive and not necessarily the right metal for all applications.<\/p><p>Some choose to coat the side of the metal that is in direct contact with the food, if acid-resistant metal is not used. This can be a lacquer, a polymer coating or some other form of barrier that protects against degradation and release. The choice depends on both the type of food and the use of the product.<\/p><h3>What is a release test and when is it relevant?<\/h3><p>Release tests measure how much metal is actually released into the food under realistic conditions. It can be lead, cadmium, nickel or other metals, depending on the composition of the product. We help you choose the right test method and interpret the results correctly, so you avoid errors and achieve full compliance.<\/p><h3>Easy-to-clean metal surfaces<\/h3><p>When using metal in industrial food production, surface finish is crucial. Smooth, non-porous surfaces are easier to clean and less likely to retain food residue and bacteria. Avoid acidic cleaning agents and ensure that the surface is resistant to the cleaning routines used in your production.<\/p>\t\t\t\t\t\t\t\t<\/div>\n\t\t\t\t<\/div>\n\t\t\t\t<\/div>\n\t\t\t\t<div class=\"elementor-element elementor-element-54effa3 elementor-widget elementor-widget-heading\" data-id=\"54effa3\" data-element_type=\"widget\" data-e-type=\"widget\" data-widget_type=\"heading.default\">\n\t\t\t\t<div class=\"elementor-widget-container\">\n\t\t\t\t\t<h2 class=\"elementor-heading-title elementor-size-default\">FIND MORE INFORMATION ABOUT METAL PRODUCTS<\/h2>\t\t\t\t<\/div>\n\t\t\t\t<\/div>\n\t\t\t\t<\/div>\n\t\t<div class=\"elementor-element elementor-element-da1ded7 e-flex e-con-boxed e-con e-parent\" data-id=\"da1ded7\" data-element_type=\"container\" data-e-type=\"container\">\n\t\t\t\t\t<div class=\"e-con-inner\">\n\t\t\t\t<div class=\"elementor-element elementor-element-04001da elementor-widget elementor-widget-n-accordion\" data-id=\"04001da\" data-element_type=\"widget\" data-e-type=\"widget\" data-settings=\"{&quot;default_state&quot;:&quot;all_collapsed&quot;,&quot;max_items_expended&quot;:&quot;one&quot;,&quot;n_accordion_animation_duration&quot;:{&quot;unit&quot;:&quot;ms&quot;,&quot;size&quot;:400,&quot;sizes&quot;:[]}}\" data-widget_type=\"nested-accordion.default\">\n\t\t\t\t<div class=\"elementor-widget-container\">\n\t\t\t\t\t\t\t<div class=\"e-n-accordion\" aria-label=\"Accordion. Open links with Enter or Space, close with Escape, and navigate with Arrow Keys\">\n\t\t\t\t\t\t<details id=\"e-n-accordion-item-4190\" class=\"e-n-accordion-item\" >\n\t\t\t\t<summary class=\"e-n-accordion-item-title\" data-accordion-index=\"1\" tabindex=\"0\" aria-expanded=\"false\" aria-controls=\"e-n-accordion-item-4190\" >\n\t\t\t\t\t<span class='e-n-accordion-item-title-header'><h1 class=\"e-n-accordion-item-title-text\"> What types of materials are there? <\/h1><\/span>\n\t\t\t\t\t\t\t<span class='e-n-accordion-item-title-icon'>\n\t\t\t<span class='e-opened' ><svg aria-hidden=\"true\" class=\"e-font-icon-svg e-fas-minus\" viewbox=\"0 0 448 512\" xmlns=\"http:\/\/www.w3.org\/2000\/svg\"><path d=\"M416 208H32c-17.67 0-32 14.33-32 32v32c0 17.67 14.33 32 32 32h384c17.67 0 32-14.33 32-32v-32c0-17.67-14.33-32-32-32z\"><\/path><\/svg><\/span>\n\t\t\t<span class='e-closed'><svg aria-hidden=\"true\" class=\"e-font-icon-svg e-fas-plus\" viewbox=\"0 0 448 512\" xmlns=\"http:\/\/www.w3.org\/2000\/svg\"><path d=\"M416 208H272V64c0-17.67-14.33-32-32-32h-32c-17.67 0-32 14.33-32 32v144H32c-17.67 0-32 14.33-32 32v32c0 17.67 14.33 32 32 32h144v144c0 17.67 14.33 32 32 32h32c17.67 0 32-14.33 32-32V304h144c17.67 0 32-14.33 32-32v-32c0-17.67-14.33-32-32-32z\"><\/path><\/svg><\/span>\n\t\t<\/span>\n\n\t\t\t\t\t\t<\/summary>\n\t\t\t\t<div role=\"region\" aria-labelledby=\"e-n-accordion-item-4190\" class=\"elementor-element elementor-element-7d5164e e-flex e-con-boxed e-con e-child\" data-id=\"7d5164e\" data-element_type=\"container\" data-e-type=\"container\">\n\t\t\t\t\t<div class=\"e-con-inner\">\n\t\t\t\t<div class=\"elementor-element elementor-element-ad10b1a elementor-widget elementor-widget-text-editor\" data-id=\"ad10b1a\" data-element_type=\"widget\" data-e-type=\"widget\" data-widget_type=\"text-editor.default\">\n\t\t\t\t<div class=\"elementor-widget-container\">\n\t\t\t\t\t\t\t\t\t<section><div><h3>Metal types used for food contact<\/h3><ul><li><strong>Stainless steel<\/strong> \u2013 Corrosion-resistant and durable, especially AISI 304 and AISI 316 (acid-resistant).<\/li><li><strong>Aluminum and aluminum alloys<\/strong> \u2013 Lightweight and heat conductive, often requires coating or anodizing.<\/li><li><strong>Copper and copper alloys<\/strong> (brass, bronze) \u2013 Requires regulation due to copper ions.<\/li><li><strong>Iron and cast iron<\/strong> \u2013 Used for pots and pans, protected with coating or seasoning.<\/li><li><strong>Tin and tin-plated materials<\/strong> \u2013 Typically in cans, requires lacquer coating against migration.<\/li><li><strong>Zinc and galvanized metals<\/strong> \u2013 Rarely in direct contact, used in containers and pipes.<\/li><li><strong>Silver and precious metals<\/strong> (gold, platinum) \u2013 Mostly for cutlery and decoration, has antibacterial properties.<\/li><\/ul><\/div><\/section>\t\t\t\t\t\t\t\t<\/div>\n\t\t\t\t<\/div>\n\t\t\t\t\t<\/div>\n\t\t\t\t<\/div>\n\t\t\t\t\t<\/details>\n\t\t\t\t\t\t<details id=\"e-n-accordion-item-4191\" class=\"e-n-accordion-item\" >\n\t\t\t\t<summary class=\"e-n-accordion-item-title\" data-accordion-index=\"2\" tabindex=\"-1\" aria-expanded=\"false\" aria-controls=\"e-n-accordion-item-4191\" >\n\t\t\t\t\t<span class='e-n-accordion-item-title-header'><h1 class=\"e-n-accordion-item-title-text\"> Legislation and external references <\/h1><\/span>\n\t\t\t\t\t\t\t<span class='e-n-accordion-item-title-icon'>\n\t\t\t<span class='e-opened' ><svg aria-hidden=\"true\" class=\"e-font-icon-svg e-fas-minus\" viewbox=\"0 0 448 512\" xmlns=\"http:\/\/www.w3.org\/2000\/svg\"><path d=\"M416 208H32c-17.67 0-32 14.33-32 32v32c0 17.67 14.33 32 32 32h384c17.67 0 32-14.33 32-32v-32c0-17.67-14.33-32-32-32z\"><\/path><\/svg><\/span>\n\t\t\t<span class='e-closed'><svg aria-hidden=\"true\" class=\"e-font-icon-svg e-fas-plus\" viewbox=\"0 0 448 512\" xmlns=\"http:\/\/www.w3.org\/2000\/svg\"><path d=\"M416 208H272V64c0-17.67-14.33-32-32-32h-32c-17.67 0-32 14.33-32 32v144H32c-17.67 0-32 14.33-32 32v32c0 17.67 14.33 32 32 32h144v144c0 17.67 14.33 32 32 32h32c17.67 0 32-14.33 32-32V304h144c17.67 0 32-14.33 32-32v-32c0-17.67-14.33-32-32-32z\"><\/path><\/svg><\/span>\n\t\t<\/span>\n\n\t\t\t\t\t\t<\/summary>\n\t\t\t\t<div role=\"region\" aria-labelledby=\"e-n-accordion-item-4191\" class=\"elementor-element elementor-element-a3e8d6e e-con-full e-flex e-con e-child\" data-id=\"a3e8d6e\" data-element_type=\"container\" data-e-type=\"container\">\n\t\t\t\t<div class=\"elementor-element elementor-element-f25b63f elementor-widget elementor-widget-text-editor\" data-id=\"f25b63f\" data-element_type=\"widget\" data-e-type=\"widget\" data-widget_type=\"text-editor.default\">\n\t\t\t\t<div class=\"elementor-widget-container\">\n\t\t\t\t\t\t\t\t\t<section><div><h3>Legislation and guidelines for metals<\/h3><p><strong>Tip:<\/strong> Always use the latest legal text. Select <em>\"In force\"<\/em> and <em>the latest consolidated version<\/em> on EUR-Lex.<\/p><ul><li><a href=\"https:\/\/eur-lex.europa.eu\/legal-content\/EN\/TXT\/?uri=CELEX:02004R1935-20210327\" target=\"_blank\" rel=\"noopener\">Regulation (EC) No. 1935\/2004<\/a>: General requirements for safety and traceability for all materials, including metals.<\/li><li><a href=\"https:\/\/eur-lex.europa.eu\/legal-content\/EN\/TXT\/?uri=CELEX:02004R1935-20210327\" target=\"_blank\" rel=\"noopener\">Regulation (EC) No. 2023\/2006<\/a>: The GMP regulation \u2013 ensures good manufacturing practices.<\/li><li><a href=\"https:\/\/rm.coe.int\/09000016809fe04a\" target=\"_blank\" rel=\"noopener\">Resolution CM\/Res(2020)9<\/a>: Recommendations for metals \u2013 migration, labeling and documentation.<\/li><li><a href=\"https:\/\/en.foedevarestyrelsen.dk\/food\/food-safety-and-hygiene\/food-contact-materials\" target=\"_blank\" rel=\"noopener\">Danish executive order<\/a>: National requirements for documentation and traceability.<\/li><\/ul><\/div><\/section>\t\t\t\t\t\t\t\t<\/div>\n\t\t\t\t<\/div>\n\t\t\t\t<\/div>\n\t\t\t\t\t<\/details>\n\t\t\t\t\t\t<details id=\"e-n-accordion-item-4192\" class=\"e-n-accordion-item\" >\n\t\t\t\t<summary class=\"e-n-accordion-item-title\" data-accordion-index=\"3\" tabindex=\"-1\" aria-expanded=\"false\" aria-controls=\"e-n-accordion-item-4192\" >\n\t\t\t\t\t<span class='e-n-accordion-item-title-header'><h1 class=\"e-n-accordion-item-title-text\"> FAQ \u2013 Testing and documentation of metal <\/h1><\/span>\n\t\t\t\t\t\t\t<span class='e-n-accordion-item-title-icon'>\n\t\t\t<span class='e-opened' ><svg aria-hidden=\"true\" class=\"e-font-icon-svg e-fas-minus\" viewbox=\"0 0 448 512\" xmlns=\"http:\/\/www.w3.org\/2000\/svg\"><path d=\"M416 208H32c-17.67 0-32 14.33-32 32v32c0 17.67 14.33 32 32 32h384c17.67 0 32-14.33 32-32v-32c0-17.67-14.33-32-32-32z\"><\/path><\/svg><\/span>\n\t\t\t<span class='e-closed'><svg aria-hidden=\"true\" class=\"e-font-icon-svg e-fas-plus\" viewbox=\"0 0 448 512\" xmlns=\"http:\/\/www.w3.org\/2000\/svg\"><path d=\"M416 208H272V64c0-17.67-14.33-32-32-32h-32c-17.67 0-32 14.33-32 32v144H32c-17.67 0-32 14.33-32 32v32c0 17.67 14.33 32 32 32h144v144c0 17.67 14.33 32 32 32h32c17.67 0 32-14.33 32-32V304h144c17.67 0 32-14.33 32-32v-32c0-17.67-14.33-32-32-32z\"><\/path><\/svg><\/span>\n\t\t<\/span>\n\n\t\t\t\t\t\t<\/summary>\n\t\t\t\t<div role=\"region\" aria-labelledby=\"e-n-accordion-item-4192\" class=\"elementor-element elementor-element-dffca71 e-flex e-con-boxed e-con e-child\" data-id=\"dffca71\" data-element_type=\"container\" data-e-type=\"container\">\n\t\t\t\t\t<div class=\"e-con-inner\">\n\t\t\t\t<div class=\"elementor-element elementor-element-e785bf9 elementor-widget elementor-widget-text-editor\" data-id=\"e785bf9\" data-element_type=\"widget\" data-e-type=\"widget\" data-widget_type=\"text-editor.default\">\n\t\t\t\t<div class=\"elementor-widget-container\">\n\t\t\t\t\t\t\t\t\t<div>\n<h3>FAQ \u2013 Testing and documentation of metals<\/h3>\n<dl>\n \t<dt>Does stainless steel need to be tested for food contact?<\/dt>\n \t<dd>Yes. It is tested for nickel and chromium, especially when in contact with acidic foods. See <a href=\"https:\/\/eur-lex.europa.eu\/legal-content\/DA\/TXT\/?uri=CELEX:32004R1935\" target=\"_blank\" rel=\"noopener\">framework regulation 1935\/2004<\/a>.<\/dd>\n \t<dt>Are there differences in the requirements for aluminum and iron?<\/dt>\n \t<dd>Yes. Aluminum has specific limit values \u200b\u200band is often assessed based on <a href=\"https:\/\/www.bfr.bund.de\/en\/bfr_recommendations_on_food_contact_materials-1711.html\" target=\"_blank\" rel=\"noopener\">BfR's recommendations<\/a>Iron is assessed based on general principles and tests for heavy metals.<\/dd>\n \t<dt>What metals and alloys are typically tested?<\/dt>\n \t<dd>Stainless steel, aluminum, iron, copper, brass, tin and zinc. The test depends on the application and surface treatment.<\/dd>\n \t<dt>Are there requirements for documentation and traceability?<\/dt>\n \t<dd>Yes. All metal products must have a Declaration of Compliance (DoC). See <a href=\"https:\/\/www.fcmtesting.com\/en\/fodevarekontaktmaterialer\/overensstemmelse\/\">guide to DoC<\/a>.<\/dd>\n \t<dt>What advantages do metals have as food contact materials?<\/dt>\n \t<dd>They are durable, heat-resistant and easy to clean \u2013 suitable for both industry and household use.<\/dd>\n<\/dl>\n<\/div>\t\t\t\t\t\t\t\t<\/div>\n\t\t\t\t<\/div>\n\t\t\t\t\t<\/div>\n\t\t\t\t<\/div>\n\t\t\t\t\t<\/details>\n\t\t\t\t\t<\/div>\n\t\t\t\t\t\t<\/div>\n\t\t\t\t<\/div>\n\t\t\t\t\t<\/div>\n\t\t\t\t<\/div>\n\t\t<div class=\"elementor-element elementor-element-80babb1 e-flex e-con-boxed e-con e-parent\" data-id=\"80babb1\" data-element_type=\"container\" data-e-type=\"container\">\n\t\t\t\t\t<div class=\"e-con-inner\">\n\t\t\t\t<div class=\"elementor-element elementor-element-ce965c5 elementor-hidden-tablet elementor-hidden-mobile kontakt-side elementor-widget elementor-widget-button\" data-id=\"ce965c5\" data-element_type=\"widget\" data-e-type=\"widget\" data-widget_type=\"button.default\">\n\t\t\t\t<div class=\"elementor-widget-container\">\n\t\t\t\t\t\t\t\t\t<div class=\"elementor-button-wrapper\">\n\t\t\t\t\t<a class=\"elementor-button elementor-button-link elementor-size-sm\" href=\"https:\/\/www.fcmtesting.com\/en\/kontakt-fcmtesting-aps\/\" target=\"_blank\">\n\t\t\t\t\t\t<span class=\"elementor-button-content-wrapper\">\n\t\t\t\t\t\t\t\t\t<span class=\"elementor-button-text\">CONTACT US<\/span>\n\t\t\t\t\t<\/span>\n\t\t\t\t\t<\/a>\n\t\t\t\t<\/div>\n\t\t\t\t\t\t\t\t<\/div>\n\t\t\t\t<\/div>\n\t\t\t\t\t<\/div>\n\t\t\t\t<\/div>\n\t\t\t\t<\/div>","protected":false},"excerpt":{"rendered":"<p>Metaller Vi tester, dokumenterer og r\u00e5dgiver, s\u00e5 jeres produkter lever op til g\u00e6ldende lovkrav. Sikkerhed ved metaller i kontakt med [&hellip;]<\/p>\n","protected":false},"author":1,"featured_media":0,"parent":13945,"menu_order":0,"comment_status":"closed","ping_status":"closed","template":"","meta":{"site-sidebar-layout":"no-sidebar","site-content-layout":"","ast-site-content-layout":"full-width-container","site-content-style":"default","site-sidebar-style":"default","ast-global-header-display":"","ast-banner-title-visibility":"","ast-main-header-display":"","ast-hfb-above-header-display":"","ast-hfb-below-header-display":"","ast-hfb-mobile-header-display":"","site-post-title":"disabled","ast-breadcrumbs-content":"","ast-featured-img":"disabled","footer-sml-layout":"","theme-transparent-header-meta":"","adv-header-id-meta":"","stick-header-meta":"","header-above-stick-meta":"","header-main-stick-meta":"","header-below-stick-meta":"","astra-migrate-meta-layouts":"default","ast-page-background-enabled":"default","ast-page-background-meta":{"desktop":{"background-color":"var(--ast-global-color-5)","background-image":"","background-repeat":"repeat","background-position":"center center","background-size":"auto","background-attachment":"scroll","background-type":"","background-media":"","overlay-type":"","overlay-color":"","overlay-opacity":"","overlay-gradient":""},"tablet":{"background-color":"","background-image":"","background-repeat":"repeat","background-position":"center center","background-size":"auto","background-attachment":"scroll","background-type":"","background-media":"","overlay-type":"","overlay-color":"","overlay-opacity":"","overlay-gradient":""},"mobile":{"background-color":"","background-image":"","background-repeat":"repeat","background-position":"center center","background-size":"auto","background-attachment":"scroll","background-type":"","background-media":"","overlay-type":"","overlay-color":"","overlay-opacity":"","overlay-gradient":""}},"ast-content-background-meta":{"desktop":{"background-color":"var(--ast-global-color-4)","background-image":"","background-repeat":"repeat","background-position":"center center","background-size":"auto","background-attachment":"scroll","background-type":"","background-media":"","overlay-type":"","overlay-color":"","overlay-opacity":"","overlay-gradient":""},"tablet":{"background-color":"var(--ast-global-color-4)","background-image":"","background-repeat":"repeat","background-position":"center center","background-size":"auto","background-attachment":"scroll","background-type":"","background-media":"","overlay-type":"","overlay-color":"","overlay-opacity":"","overlay-gradient":""},"mobile":{"background-color":"var(--ast-global-color-4)","background-image":"","background-repeat":"repeat","background-position":"center center","background-size":"auto","background-attachment":"scroll","background-type":"","background-media":"","overlay-type":"","overlay-color":"","overlay-opacity":"","overlay-gradient":""}},"footnotes":""},"class_list":["post-12960","page","type-page","status-publish","hentry"],"_links":{"self":[{"href":"https:\/\/www.fcmtesting.com\/en\/wp-json\/wp\/v2\/pages\/12960","targetHints":{"allow":["GET"]}}],"collection":[{"href":"https:\/\/www.fcmtesting.com\/en\/wp-json\/wp\/v2\/pages"}],"about":[{"href":"https:\/\/www.fcmtesting.com\/en\/wp-json\/wp\/v2\/types\/page"}],"author":[{"embeddable":true,"href":"https:\/\/www.fcmtesting.com\/en\/wp-json\/wp\/v2\/users\/1"}],"replies":[{"embeddable":true,"href":"https:\/\/www.fcmtesting.com\/en\/wp-json\/wp\/v2\/comments?post=12960"}],"version-history":[{"count":183,"href":"https:\/\/www.fcmtesting.com\/en\/wp-json\/wp\/v2\/pages\/12960\/revisions"}],"predecessor-version":[{"id":16135,"href":"https:\/\/www.fcmtesting.com\/en\/wp-json\/wp\/v2\/pages\/12960\/revisions\/16135"}],"up":[{"embeddable":true,"href":"https:\/\/www.fcmtesting.com\/en\/wp-json\/wp\/v2\/pages\/13945"}],"wp:attachment":[{"href":"https:\/\/www.fcmtesting.com\/en\/wp-json\/wp\/v2\/media?parent=12960"}],"curies":[{"name":"wp","href":"https:\/\/api.w.org\/{rel}","templated":true}]}}