{"id":12903,"date":"2025-03-19T11:57:21","date_gmt":"2025-03-19T10:57:21","guid":{"rendered":"https:\/\/www.fcmtesting.com\/wp-content\/mystaging01\/?page_id=12903"},"modified":"2025-10-30T11:10:00","modified_gmt":"2025-10-30T10:10:00","slug":"coating-farver","status":"publish","type":"page","link":"https:\/\/www.fcmtesting.com\/en\/fodevarekontaktmaterialer\/coating-farver\/","title":{"rendered":"Coatings &amp; Paints"},"content":{"rendered":"<div data-elementor-type=\"wp-page\" data-elementor-id=\"12903\" class=\"elementor elementor-12903\">\n\t\t\t\t<div class=\"elementor-element elementor-element-94a32cb e-con-full e-flex e-con e-parent\" data-id=\"94a32cb\" data-element_type=\"container\" data-e-type=\"container\">\n\t\t\t\t<div class=\"elementor-element elementor-element-5001c1a elementor-widget elementor-widget-heading\" data-id=\"5001c1a\" data-element_type=\"widget\" data-e-type=\"widget\" data-widget_type=\"heading.default\">\n\t\t\t\t<div class=\"elementor-widget-container\">\n\t\t\t\t\t<h1 class=\"elementor-heading-title elementor-size-default\">COATINGS &amp; COLORS<\/h1>\t\t\t\t<\/div>\n\t\t\t\t<\/div>\n\t\t\t\t<div class=\"elementor-element elementor-element-0a066f9 elementor-widget elementor-widget-heading\" data-id=\"0a066f9\" data-element_type=\"widget\" data-e-type=\"widget\" data-widget_type=\"heading.default\">\n\t\t\t\t<div class=\"elementor-widget-container\">\n\t\t\t\t\t<p class=\"elementor-heading-title elementor-size-default\">We test, document and advise to ensure your products comply with applicable legal requirements.<\/p>\t\t\t\t<\/div>\n\t\t\t\t<\/div>\n\t\t\t\t<\/div>\n\t\t<div class=\"elementor-element elementor-element-7ebd651 e-flex e-con-boxed e-con e-parent\" data-id=\"7ebd651\" data-element_type=\"container\" data-e-type=\"container\">\n\t\t\t\t\t<div class=\"e-con-inner\">\n\t\t\t\t<div class=\"elementor-element elementor-element-244a04e elementor-widget elementor-widget-spacer\" data-id=\"244a04e\" data-element_type=\"widget\" data-e-type=\"widget\" data-widget_type=\"spacer.default\">\n\t\t\t\t<div class=\"elementor-widget-container\">\n\t\t\t\t\t\t\t<div class=\"elementor-spacer\">\n\t\t\t<div class=\"elementor-spacer-inner\"><\/div>\n\t\t<\/div>\n\t\t\t\t\t\t<\/div>\n\t\t\t\t<\/div>\n\t\t\t\t<div class=\"elementor-element elementor-element-af3dba0 elementor-widget elementor-widget-image\" data-id=\"af3dba0\" data-element_type=\"widget\" data-e-type=\"widget\" data-widget_type=\"image.default\">\n\t\t\t\t<div class=\"elementor-widget-container\">\n\t\t\t\t\t\t\t\t\t\t\t\t\t\t\t<img loading=\"lazy\" decoding=\"async\" width=\"768\" height=\"512\" src=\"https:\/\/www.fcmtesting.com\/wp-content\/uploads\/2025\/08\/Farver-og-coating-768x512.webp\" class=\"attachment-medium_large size-medium_large wp-image-14250\" alt=\"Coating farver\" srcset=\"https:\/\/www.fcmtesting.com\/wp-content\/uploads\/2025\/08\/Farver-og-coating-768x512.webp 768w, https:\/\/www.fcmtesting.com\/wp-content\/uploads\/2025\/08\/Farver-og-coating-450x300.webp 450w, https:\/\/www.fcmtesting.com\/wp-content\/uploads\/2025\/08\/Farver-og-coating-1536x1024.webp 1536w, https:\/\/www.fcmtesting.com\/wp-content\/uploads\/2025\/08\/Farver-og-coating.webp 1620w\" sizes=\"auto, (max-width: 768px) 100vw, 768px\" \/>\t\t\t\t\t\t\t\t\t\t\t\t\t\t\t<\/div>\n\t\t\t\t<\/div>\n\t\t\t\t<div class=\"elementor-element elementor-element-33c9eef elementor-widget elementor-widget-spacer\" data-id=\"33c9eef\" data-element_type=\"widget\" data-e-type=\"widget\" data-widget_type=\"spacer.default\">\n\t\t\t\t<div class=\"elementor-widget-container\">\n\t\t\t\t\t\t\t<div class=\"elementor-spacer\">\n\t\t\t<div class=\"elementor-spacer-inner\"><\/div>\n\t\t<\/div>\n\t\t\t\t\t\t<\/div>\n\t\t\t\t<\/div>\n\t\t\t\t\t<\/div>\n\t\t\t\t<\/div>\n\t\t<div class=\"elementor-element elementor-element-e4b0234 e-flex e-con-boxed e-con e-parent\" data-id=\"e4b0234\" data-element_type=\"container\" data-e-type=\"container\">\n\t\t\t\t\t<div class=\"e-con-inner\">\n\t\t<div class=\"elementor-element elementor-element-f17bdb2 e-con-full e-flex e-con e-child\" data-id=\"f17bdb2\" data-element_type=\"container\" data-e-type=\"container\">\n\t\t\t\t<div class=\"elementor-element elementor-element-be8ae35 elementor-widget elementor-widget-text-editor\" data-id=\"be8ae35\" data-element_type=\"widget\" data-e-type=\"widget\" data-widget_type=\"text-editor.default\">\n\t\t\t\t<div class=\"elementor-widget-container\">\n\t\t\t\t\t\t\t\t\t<p data-start=\"113\" data-end=\"448\">When coatings and colors are used in contact with food, documented safety and compliance with legislation are essential. FCMtesting ApS, based in Odder south of Aarhus, advises and tests to ensure that your materials meet applicable EU regulations and international standards. This way, you can confidently market your products with full compliance.<\/p><p data-start=\"450\" data-end=\"479\">At FCMtesting we offer:<\/p><ul data-start=\"480\" data-end=\"883\"><li data-start=\"480\" data-end=\"588\"><strong data-start=\"482\" data-end=\"500\">Migration Test<\/strong> to ensure that your product does not release harmful substances beyond the permitted limits.<\/li><li data-start=\"589\" data-end=\"692\"><strong data-start=\"591\" data-end=\"621\">Declaration of Compliance<\/strong> in accordance with EU regulations, so your documentation is legally compliant.<\/li><li data-start=\"693\" data-end=\"792\"><strong data-start=\"795\" data-end=\"809\">Consultancy<\/strong> on applicable legal and documentation requirements, ensuring full compliance.<\/li><\/ul><p data-start=\"885\" data-end=\"1007\">For products exported outside the EU, additional requirements may apply, which we can also help you navigate.<\/p>\t\t\t\t\t\t\t\t<\/div>\n\t\t\t\t<\/div>\n\t\t\t\t<\/div>\n\t\t\t\t<div class=\"elementor-element elementor-element-54effa3 elementor-widget elementor-widget-heading\" data-id=\"54effa3\" data-element_type=\"widget\" data-e-type=\"widget\" data-widget_type=\"heading.default\">\n\t\t\t\t<div class=\"elementor-widget-container\">\n\t\t\t\t\t<h2 class=\"elementor-heading-title elementor-size-default\">FIND MORE INFORMATION ABOUT COATINGS AND COLORS<\/h2>\t\t\t\t<\/div>\n\t\t\t\t<\/div>\n\t\t\t\t<div class=\"elementor-element elementor-element-b444b6b elementor-widget elementor-widget-n-accordion\" data-id=\"b444b6b\" data-element_type=\"widget\" data-e-type=\"widget\" data-settings=\"{&quot;default_state&quot;:&quot;all_collapsed&quot;,&quot;max_items_expended&quot;:&quot;one&quot;,&quot;n_accordion_animation_duration&quot;:{&quot;unit&quot;:&quot;ms&quot;,&quot;size&quot;:400,&quot;sizes&quot;:[]}}\" data-widget_type=\"nested-accordion.default\">\n\t\t\t\t<div class=\"elementor-widget-container\">\n\t\t\t\t\t\t\t<div class=\"e-n-accordion\" aria-label=\"Accordion. Open links with Enter or Space, close with Escape, and navigate with Arrow Keys\">\n\t\t\t\t\t\t<details id=\"e-n-accordion-item-1890\" class=\"e-n-accordion-item\" >\n\t\t\t\t<summary class=\"e-n-accordion-item-title\" data-accordion-index=\"1\" tabindex=\"0\" aria-expanded=\"false\" aria-controls=\"e-n-accordion-item-1890\" >\n\t\t\t\t\t<span class='e-n-accordion-item-title-header'><h3 class=\"e-n-accordion-item-title-text\"> What types of materials are there? <\/h3><\/span>\n\t\t\t\t\t\t\t<span class='e-n-accordion-item-title-icon'>\n\t\t\t<span class='e-opened' ><svg aria-hidden=\"true\" class=\"e-font-icon-svg e-fas-minus\" viewbox=\"0 0 448 512\" xmlns=\"http:\/\/www.w3.org\/2000\/svg\"><path d=\"M416 208H32c-17.67 0-32 14.33-32 32v32c0 17.67 14.33 32 32 32h384c17.67 0 32-14.33 32-32v-32c0-17.67-14.33-32-32-32z\"><\/path><\/svg><\/span>\n\t\t\t<span class='e-closed'><svg aria-hidden=\"true\" class=\"e-font-icon-svg e-fas-plus\" viewbox=\"0 0 448 512\" xmlns=\"http:\/\/www.w3.org\/2000\/svg\"><path d=\"M416 208H272V64c0-17.67-14.33-32-32-32h-32c-17.67 0-32 14.33-32 32v144H32c-17.67 0-32 14.33-32 32v32c0 17.67 14.33 32 32 32h144v144c0 17.67 14.33 32 32 32h32c17.67 0 32-14.33 32-32V304h144c17.67 0 32-14.33 32-32v-32c0-17.67-14.33-32-32-32z\"><\/path><\/svg><\/span>\n\t\t<\/span>\n\n\t\t\t\t\t\t<\/summary>\n\t\t\t\t<div role=\"region\" aria-labelledby=\"e-n-accordion-item-1890\" class=\"elementor-element elementor-element-f731459 e-flex e-con-boxed e-con e-child\" data-id=\"f731459\" data-element_type=\"container\" data-e-type=\"container\">\n\t\t\t\t\t<div class=\"e-con-inner\">\n\t\t\t\t<div class=\"elementor-element elementor-element-d746e14 elementor-widget elementor-widget-text-editor\" data-id=\"d746e14\" data-element_type=\"widget\" data-e-type=\"widget\" data-widget_type=\"text-editor.default\">\n\t\t\t\t<div class=\"elementor-widget-container\">\n\t\t\t\t\t\t\t\t\t<div><h3>Types of coatings and colors for food contact<\/h3><p><strong>Coating:<\/strong><\/p><ul><li>Epoxy-based coatings<\/li><li>Polyester and acrylic coatings<\/li><li>PTFE and fluoropolymers<\/li><li>Polyurethane and hybrid coatings<\/li><li>Sol\u2013gel and silicone coatings<\/li><li>Organic coatings (varnish, shellac, etc.)<\/li><\/ul><p><strong>Colors:<\/strong><\/p><ul><li>Printing inks (labels and packaging)<\/li><li>Pigments in plastic and rubber<\/li><li>UV-curing colors<\/li><li>Water-based and solvent-based paints<\/li><li>Lacquer and effect colors (metallic, mother-of-pearl, etc.)<\/li><\/ul><\/div>\t\t\t\t\t\t\t\t<\/div>\n\t\t\t\t<\/div>\n\t\t\t\t\t<\/div>\n\t\t\t\t<\/div>\n\t\t\t\t\t<\/details>\n\t\t\t\t\t\t<details id=\"e-n-accordion-item-1891\" class=\"e-n-accordion-item\" >\n\t\t\t\t<summary class=\"e-n-accordion-item-title\" data-accordion-index=\"2\" tabindex=\"-1\" aria-expanded=\"false\" aria-controls=\"e-n-accordion-item-1891\" >\n\t\t\t\t\t<span class='e-n-accordion-item-title-header'><h3 class=\"e-n-accordion-item-title-text\"> Legislation and external references <\/h3><\/span>\n\t\t\t\t\t\t\t<span class='e-n-accordion-item-title-icon'>\n\t\t\t<span class='e-opened' ><svg aria-hidden=\"true\" class=\"e-font-icon-svg e-fas-minus\" viewbox=\"0 0 448 512\" xmlns=\"http:\/\/www.w3.org\/2000\/svg\"><path d=\"M416 208H32c-17.67 0-32 14.33-32 32v32c0 17.67 14.33 32 32 32h384c17.67 0 32-14.33 32-32v-32c0-17.67-14.33-32-32-32z\"><\/path><\/svg><\/span>\n\t\t\t<span class='e-closed'><svg aria-hidden=\"true\" class=\"e-font-icon-svg e-fas-plus\" viewbox=\"0 0 448 512\" xmlns=\"http:\/\/www.w3.org\/2000\/svg\"><path d=\"M416 208H272V64c0-17.67-14.33-32-32-32h-32c-17.67 0-32 14.33-32 32v144H32c-17.67 0-32 14.33-32 32v32c0 17.67 14.33 32 32 32h144v144c0 17.67 14.33 32 32 32h32c17.67 0 32-14.33 32-32V304h144c17.67 0 32-14.33 32-32v-32c0-17.67-14.33-32-32-32z\"><\/path><\/svg><\/span>\n\t\t<\/span>\n\n\t\t\t\t\t\t<\/summary>\n\t\t\t\t<div role=\"region\" aria-labelledby=\"e-n-accordion-item-1891\" class=\"elementor-element elementor-element-1e89e9f e-con-full e-flex e-con e-child\" data-id=\"1e89e9f\" data-element_type=\"container\" data-e-type=\"container\">\n\t\t\t\t<div class=\"elementor-element elementor-element-fb55f0a elementor-widget elementor-widget-text-editor\" data-id=\"fb55f0a\" data-element_type=\"widget\" data-e-type=\"widget\" data-widget_type=\"text-editor.default\">\n\t\t\t\t<div class=\"elementor-widget-container\">\n\t\t\t\t\t\t\t\t\t<div><h3>Legislation and guidelines for coatings and paints<\/h3><p><strong>Tip:<\/strong> Always use the latest legal text. Select <em>\"In force\"<\/em> and <em>the latest consolidated version<\/em> on EUR-Lex.<\/p><ul><li><a href=\"https:\/\/eur-lex.europa.eu\/legal-content\/EN\/TXT\/?uri=CELEX:02004R1935-20210327\" target=\"_blank\" rel=\"noopener\">Regulation (EC) No. 1935\/2004<\/a>: General requirements for all materials in contact with food, including coatings and paints.<\/li><li><a href=\"https:\/\/eur-lex.europa.eu\/legal-content\/EN\/TXT\/?uri=CELEX:02004R1935-20210327\" target=\"_blank\" rel=\"noopener\">Regulation (EC) No. 2023\/2006<\/a>: The GMP regulation \u2013 ensures good manufacturing practices.<\/li><li><a href=\"https:\/\/eur-lex.europa.eu\/eli\/reg\/2018\/213\" target=\"_blank\" rel=\"noopener\">Regulation (EU) 2018\/213<\/a>: Limitation of bisphenol A (BPA) in paints and coatings.<\/li><li><a href=\"https:\/\/en.foedevarestyrelsen.dk\/food\/food-safety-and-hygiene\/food-contact-materials\" target=\"_blank\" rel=\"noopener\">Danish executive order<\/a>: National requirements for documentation and traceability.<\/li><\/ul><\/div>\t\t\t\t\t\t\t\t<\/div>\n\t\t\t\t<\/div>\n\t\t\t\t<\/div>\n\t\t\t\t\t<\/details>\n\t\t\t\t\t\t<details id=\"e-n-accordion-item-1892\" class=\"e-n-accordion-item\" >\n\t\t\t\t<summary class=\"e-n-accordion-item-title\" data-accordion-index=\"3\" tabindex=\"-1\" aria-expanded=\"false\" aria-controls=\"e-n-accordion-item-1892\" >\n\t\t\t\t\t<span class='e-n-accordion-item-title-header'><h3 class=\"e-n-accordion-item-title-text\"> Testing and documentation of coatings and colors <\/h3><\/span>\n\t\t\t\t\t\t\t<span class='e-n-accordion-item-title-icon'>\n\t\t\t<span class='e-opened' ><svg aria-hidden=\"true\" class=\"e-font-icon-svg e-fas-minus\" viewbox=\"0 0 448 512\" xmlns=\"http:\/\/www.w3.org\/2000\/svg\"><path d=\"M416 208H32c-17.67 0-32 14.33-32 32v32c0 17.67 14.33 32 32 32h384c17.67 0 32-14.33 32-32v-32c0-17.67-14.33-32-32-32z\"><\/path><\/svg><\/span>\n\t\t\t<span class='e-closed'><svg aria-hidden=\"true\" class=\"e-font-icon-svg e-fas-plus\" viewbox=\"0 0 448 512\" xmlns=\"http:\/\/www.w3.org\/2000\/svg\"><path d=\"M416 208H272V64c0-17.67-14.33-32-32-32h-32c-17.67 0-32 14.33-32 32v144H32c-17.67 0-32 14.33-32 32v32c0 17.67 14.33 32 32 32h144v144c0 17.67 14.33 32 32 32h32c17.67 0 32-14.33 32-32V304h144c17.67 0 32-14.33 32-32v-32c0-17.67-14.33-32-32-32z\"><\/path><\/svg><\/span>\n\t\t<\/span>\n\n\t\t\t\t\t\t<\/summary>\n\t\t\t\t<div role=\"region\" aria-labelledby=\"e-n-accordion-item-1892\" class=\"elementor-element elementor-element-823e424 e-flex e-con-boxed e-con e-child\" data-id=\"823e424\" data-element_type=\"container\" data-e-type=\"container\">\n\t\t\t\t\t<div class=\"e-con-inner\">\n\t\t\t\t<div class=\"elementor-element elementor-element-44a00b7 elementor-widget elementor-widget-text-editor\" data-id=\"44a00b7\" data-element_type=\"widget\" data-e-type=\"widget\" data-widget_type=\"text-editor.default\">\n\t\t\t\t<div class=\"elementor-widget-container\">\n\t\t\t\t\t\t\t\t\t<div><h3>FAQ \u2013 Testing and documentation of coatings and colors<\/h3><dl><dt>Are food contact inks and coatings regulated by EU legislation?<\/dt><dd>There is no specific EU regulation for printing inks and coatings, but <a href=\"https:\/\/eur-lex.europa.eu\/legal-content\/DA\/TXT\/?uri=CELEX:32004R1935\" target=\"_blank\" rel=\"noopener\">framework regulation 1935\/2004<\/a> applies to all materials. EFSA's guidelines are central to the assessment of NIAS.<\/dd><dt>How are coatings and paints tested?<\/dt><dd>Via migration test and NIAS analysis. The test is adapted to the material type and contact conditions and is carried out according to accredited methods.<\/dd><dt>What risks are associated with paints and coatings?<\/dt><dd>In case of insufficient curing or formulation, chemical components can migrate into food \u2013 especially when in contact with acidic or fatty products.<\/dd><dt>Is there a requirement for documentation?<\/dt><dd>Yes. Manufacturers and importers must be able to provide a Declaration of Compliance (DoC). See <a href=\"https:\/\/www.fcmtesting.com\/en\/fodevarekontaktmaterialer\/overensstemmelse\/\" target=\"_blank\" rel=\"noopener\">guide to DoC<\/a>.<\/dd><\/dl><\/div>\t\t\t\t\t\t\t\t<\/div>\n\t\t\t\t<\/div>\n\t\t\t\t\t<\/div>\n\t\t\t\t<\/div>\n\t\t\t\t\t<\/details>\n\t\t\t\t\t<\/div>\n\t\t\t\t\t\t<\/div>\n\t\t\t\t<\/div>\n\t\t\t\t\t<\/div>\n\t\t\t\t<\/div>\n\t\t<div class=\"elementor-element elementor-element-80babb1 e-flex e-con-boxed e-con e-parent\" data-id=\"80babb1\" data-element_type=\"container\" data-e-type=\"container\">\n\t\t\t\t\t<div class=\"e-con-inner\">\n\t\t\t\t<div class=\"elementor-element elementor-element-ce965c5 elementor-hidden-tablet elementor-hidden-mobile kontakt-side elementor-widget elementor-widget-button\" data-id=\"ce965c5\" data-element_type=\"widget\" data-e-type=\"widget\" data-widget_type=\"button.default\">\n\t\t\t\t<div class=\"elementor-widget-container\">\n\t\t\t\t\t\t\t\t\t<div class=\"elementor-button-wrapper\">\n\t\t\t\t\t<a class=\"elementor-button elementor-button-link elementor-size-sm\" href=\"https:\/\/www.fcmtesting.com\/en\/kontakt-fcmtesting-aps\/\" target=\"_blank\">\n\t\t\t\t\t\t<span class=\"elementor-button-content-wrapper\">\n\t\t\t\t\t\t\t\t\t<span class=\"elementor-button-text\">CONTACT US<\/span>\n\t\t\t\t\t<\/span>\n\t\t\t\t\t<\/a>\n\t\t\t\t<\/div>\n\t\t\t\t\t\t\t\t<\/div>\n\t\t\t\t<\/div>\n\t\t\t\t\t<\/div>\n\t\t\t\t<\/div>\n\t\t\t\t<\/div>","protected":false},"excerpt":{"rendered":"<p>COATING &amp; FARVER Vi tester, dokumenterer og r\u00e5dgiver, s\u00e5 jeres produkter lever op til g\u00e6ldende lovkrav. N\u00e5r coating og farver [&hellip;]<\/p>\n","protected":false},"author":1,"featured_media":0,"parent":13945,"menu_order":0,"comment_status":"closed","ping_status":"closed","template":"","meta":{"site-sidebar-layout":"no-sidebar","site-content-layout":"","ast-site-content-layout":"full-width-container","site-content-style":"default","site-sidebar-style":"default","ast-global-header-display":"","ast-banner-title-visibility":"","ast-main-header-display":"","ast-hfb-above-header-display":"","ast-hfb-below-header-display":"","ast-hfb-mobile-header-display":"","site-post-title":"disabled","ast-breadcrumbs-content":"","ast-featured-img":"disabled","footer-sml-layout":"","theme-transparent-header-meta":"","adv-header-id-meta":"","stick-header-meta":"","header-above-stick-meta":"","header-main-stick-meta":"","header-below-stick-meta":"","astra-migrate-meta-layouts":"default","ast-page-background-enabled":"default","ast-page-background-meta":{"desktop":{"background-color":"var(--ast-global-color-5)","background-image":"","background-repeat":"repeat","background-position":"center center","background-size":"auto","background-attachment":"scroll","background-type":"","background-media":"","overlay-type":"","overlay-color":"","overlay-opacity":"","overlay-gradient":""},"tablet":{"background-color":"","background-image":"","background-repeat":"repeat","background-position":"center center","background-size":"auto","background-attachment":"scroll","background-type":"","background-media":"","overlay-type":"","overlay-color":"","overlay-opacity":"","overlay-gradient":""},"mobile":{"background-color":"","background-image":"","background-repeat":"repeat","background-position":"center center","background-size":"auto","background-attachment":"scroll","background-type":"","background-media":"","overlay-type":"","overlay-color":"","overlay-opacity":"","overlay-gradient":""}},"ast-content-background-meta":{"desktop":{"background-color":"var(--ast-global-color-4)","background-image":"","background-repeat":"repeat","background-position":"center center","background-size":"auto","background-attachment":"scroll","background-type":"","background-media":"","overlay-type":"","overlay-color":"","overlay-opacity":"","overlay-gradient":""},"tablet":{"background-color":"var(--ast-global-color-4)","background-image":"","background-repeat":"repeat","background-position":"center center","background-size":"auto","background-attachment":"scroll","background-type":"","background-media":"","overlay-type":"","overlay-color":"","overlay-opacity":"","overlay-gradient":""},"mobile":{"background-color":"var(--ast-global-color-4)","background-image":"","background-repeat":"repeat","background-position":"center center","background-size":"auto","background-attachment":"scroll","background-type":"","background-media":"","overlay-type":"","overlay-color":"","overlay-opacity":"","overlay-gradient":""}},"footnotes":""},"class_list":["post-12903","page","type-page","status-publish","hentry"],"_links":{"self":[{"href":"https:\/\/www.fcmtesting.com\/en\/wp-json\/wp\/v2\/pages\/12903","targetHints":{"allow":["GET"]}}],"collection":[{"href":"https:\/\/www.fcmtesting.com\/en\/wp-json\/wp\/v2\/pages"}],"about":[{"href":"https:\/\/www.fcmtesting.com\/en\/wp-json\/wp\/v2\/types\/page"}],"author":[{"embeddable":true,"href":"https:\/\/www.fcmtesting.com\/en\/wp-json\/wp\/v2\/users\/1"}],"replies":[{"embeddable":true,"href":"https:\/\/www.fcmtesting.com\/en\/wp-json\/wp\/v2\/comments?post=12903"}],"version-history":[{"count":124,"href":"https:\/\/www.fcmtesting.com\/en\/wp-json\/wp\/v2\/pages\/12903\/revisions"}],"predecessor-version":[{"id":16144,"href":"https:\/\/www.fcmtesting.com\/en\/wp-json\/wp\/v2\/pages\/12903\/revisions\/16144"}],"up":[{"embeddable":true,"href":"https:\/\/www.fcmtesting.com\/en\/wp-json\/wp\/v2\/pages\/13945"}],"wp:attachment":[{"href":"https:\/\/www.fcmtesting.com\/en\/wp-json\/wp\/v2\/media?parent=12903"}],"curies":[{"name":"wp","href":"https:\/\/api.w.org\/{rel}","templated":true}]}}