{"id":12779,"date":"2025-03-13T08:52:27","date_gmt":"2025-03-13T07:52:27","guid":{"rendered":"https:\/\/www.fcmtesting.com\/wp-content\/mystaging01\/?page_id=12779"},"modified":"2026-01-13T06:41:43","modified_gmt":"2026-01-13T05:41:43","slug":"glas-keramik","status":"publish","type":"page","link":"https:\/\/www.fcmtesting.com\/en\/fodevarekontaktmaterialer\/glas-keramik\/","title":{"rendered":"Glass &amp; Ceramics"},"content":{"rendered":"<div data-elementor-type=\"wp-page\" data-elementor-id=\"12779\" class=\"elementor elementor-12779\">\n\t\t\t\t<div class=\"elementor-element elementor-element-e4b0234 e-flex e-con-boxed e-con e-parent\" data-id=\"e4b0234\" data-element_type=\"container\" data-e-type=\"container\">\n\t\t\t\t\t<div class=\"e-con-inner\">\n\t\t<div class=\"elementor-element elementor-element-78a97c3 e-con-full e-flex e-con e-child\" data-id=\"78a97c3\" data-element_type=\"container\" data-e-type=\"container\">\n\t\t\t\t<div class=\"elementor-element elementor-element-3845507 elementor-widget elementor-widget-heading\" data-id=\"3845507\" data-element_type=\"widget\" data-e-type=\"widget\" data-widget_type=\"heading.default\">\n\t\t\t\t<div class=\"elementor-widget-container\">\n\t\t\t\t\t<h1 class=\"elementor-heading-title elementor-size-default\">GLASS &amp; CERAMICS<\/h1>\t\t\t\t<\/div>\n\t\t\t\t<\/div>\n\t\t\t\t<div class=\"elementor-element elementor-element-8d07a99 elementor-widget elementor-widget-heading\" data-id=\"8d07a99\" data-element_type=\"widget\" data-e-type=\"widget\" data-widget_type=\"heading.default\">\n\t\t\t\t<div class=\"elementor-widget-container\">\n\t\t\t\t\t<p class=\"elementor-heading-title elementor-size-default\">We test, document and advise to ensure your products comply with applicable legal requirements.<\/p>\t\t\t\t<\/div>\n\t\t\t\t<\/div>\n\t\t\t\t<div class=\"elementor-element elementor-element-30cde2d elementor-widget elementor-widget-spacer\" data-id=\"30cde2d\" data-element_type=\"widget\" data-e-type=\"widget\" data-widget_type=\"spacer.default\">\n\t\t\t\t<div class=\"elementor-widget-container\">\n\t\t\t\t\t\t\t<div class=\"elementor-spacer\">\n\t\t\t<div class=\"elementor-spacer-inner\"><\/div>\n\t\t<\/div>\n\t\t\t\t\t\t<\/div>\n\t\t\t\t<\/div>\n\t\t\t\t<div class=\"elementor-element elementor-element-b9de4de elementor-widget elementor-widget-image\" data-id=\"b9de4de\" data-element_type=\"widget\" data-e-type=\"widget\" data-widget_type=\"image.default\">\n\t\t\t\t<div class=\"elementor-widget-container\">\n\t\t\t\t\t\t\t\t\t\t\t\t\t\t\t<img loading=\"lazy\" decoding=\"async\" width=\"768\" height=\"512\" src=\"https:\/\/www.fcmtesting.com\/wp-content\/uploads\/2025\/08\/Glas-og-keramik-768x512.webp\" class=\"attachment-medium_large size-medium_large wp-image-14246\" alt=\"Glas og keramik\" srcset=\"https:\/\/www.fcmtesting.com\/wp-content\/uploads\/2025\/08\/Glas-og-keramik-768x512.webp 768w, https:\/\/www.fcmtesting.com\/wp-content\/uploads\/2025\/08\/Glas-og-keramik-450x300.webp 450w, https:\/\/www.fcmtesting.com\/wp-content\/uploads\/2025\/08\/Glas-og-keramik-1536x1024.webp 1536w, https:\/\/www.fcmtesting.com\/wp-content\/uploads\/2025\/08\/Glas-og-keramik.webp 1620w\" sizes=\"auto, (max-width: 768px) 100vw, 768px\" \/>\t\t\t\t\t\t\t\t\t\t\t\t\t\t\t<\/div>\n\t\t\t\t<\/div>\n\t\t\t\t<div class=\"elementor-element elementor-element-464a00e elementor-widget elementor-widget-spacer\" data-id=\"464a00e\" data-element_type=\"widget\" data-e-type=\"widget\" data-widget_type=\"spacer.default\">\n\t\t\t\t<div class=\"elementor-widget-container\">\n\t\t\t\t\t\t\t<div class=\"elementor-spacer\">\n\t\t\t<div class=\"elementor-spacer-inner\"><\/div>\n\t\t<\/div>\n\t\t\t\t\t\t<\/div>\n\t\t\t\t<\/div>\n\t\t\t\t<\/div>\n\t\t<div class=\"elementor-element elementor-element-f17bdb2 e-con-full e-flex e-con e-child\" data-id=\"f17bdb2\" data-element_type=\"container\" data-e-type=\"container\">\n\t\t\t\t<div class=\"elementor-element elementor-element-be8ae35 elementor-widget elementor-widget-text-editor\" data-id=\"be8ae35\" data-element_type=\"widget\" data-e-type=\"widget\" data-widget_type=\"text-editor.default\">\n\t\t\t\t<div class=\"elementor-widget-container\">\n\t\t\t\t\t\t\t\t\t<h2>Safety is crucial when glass and ceramics come into contact with food.<\/h2><p>At FCMtesting ApS in Odder, close to Aarhus, we help you ensure that your glass and ceramic materials comply with applicable EU regulations and national legislation, so that you can safely bring your products to market.<\/p><h3>At FCMtesting we offer:<\/h3><ul><li>Migrationstest for at sikre, at jeres produkt ikke afgiver skadelige stoffer over de tilladte gr\u00e6nser.<\/li><li>Declaration of Compliance according to EU regulations, so that your documentation is legally correct.<\/li><li>Advice on applicable legal and documentation requirements so that you achieve full compliance.<\/li><li>For produkter, der importeres fra lande uden for EU, kan vi ogs\u00e5 hj\u00e6lpe jer med at gennemg\u00e5 dokumentation eller s\u00e6tte test.<\/li><\/ul><h2>What should you be aware of when glass and ceramics comes into contact with food?<\/h2><p>Glass and ceramics are often used for packaging, serving and storing food. But not all products are automatically safe. Materials and surfaces can release unwanted substances, especially when in contact with acidic foods. At FCMtesting, we share the knowledge that makes it easier to make the right choices.<\/p><h3>Ceramics \u2013 the glaze is crucial<\/h3><p>The glaze is the outermost layer of ceramics and is typically in direct contact with food. Many potters develop their own glaze to achieve a special expression, but this can lead to the risk of releasing heavy metals such as lead and cadmium. If you mix the glaze yourself or add substances for color, shine or texture, you should have the product tested to see if it still complies with the limit values. We often see that handmade ceramics require migration tests to document safety.<\/p><p><em data-start=\"758\" data-end=\"866\">See an example of how we have helped a manufacturer with testing and documentation of <a href=\"https:\/\/www.fcmtesting.com\/en\/cases\/case-foedevaregodkendelse-af-keramik\/\" target=\"_blank\" rel=\"noopener\">ceramics with special glaze<\/a><\/em><\/p><h3>Glass tinting requires attention<\/h3><p>Glass does not have a glaze, but can be colored or decorated. If you use metallic oxides or pigments to color the glass, it can affect the material's suitability for food contact. Colored glass can release substances, especially when in contact with acidic liquids or when heated. We help you assess whether your coloring requires testing and how best to document the safety of the product.<\/p><h3>What are you testing for?<\/h3><p>Both glass and ceramics are typically tested for the release of lead and cadmium. If other heavy metals are suspected \u2013 for example, when mixing your own glaze \u2013 additional testing should be carried out. The test is carried out in acetic acid, which simulates contact with acidic foods, and shows whether the release is below the permitted limits.<\/p><h3>Import \u2013 be aware of differences<\/h3><p>Products from countries outside the EU may be manufactured with different materials and to different standards. This applies in particular to glazes and color pigments, which in some cases contain substances that are not permitted here. We help you review the documentation and set up relevant tests to avoid errors and achieve full compliance.<\/p>\t\t\t\t\t\t\t\t<\/div>\n\t\t\t\t<\/div>\n\t\t\t\t<\/div>\n\t\t\t\t\t<\/div>\n\t\t\t\t<\/div>\n\t\t<div class=\"elementor-element elementor-element-80babb1 e-flex e-con-boxed e-con e-parent\" data-id=\"80babb1\" data-element_type=\"container\" data-e-type=\"container\">\n\t\t\t\t\t<div class=\"e-con-inner\">\n\t\t\t\t<div class=\"elementor-element elementor-element-54effa3 elementor-widget elementor-widget-heading\" data-id=\"54effa3\" data-element_type=\"widget\" data-e-type=\"widget\" data-widget_type=\"heading.default\">\n\t\t\t\t<div class=\"elementor-widget-container\">\n\t\t\t\t\t<h2 class=\"elementor-heading-title elementor-size-default\">FIND MORE INFORMATION ABOUT GLASS AND CERAMIC PRODUCTS<\/h2>\t\t\t\t<\/div>\n\t\t\t\t<\/div>\n\t\t\t\t<div class=\"elementor-element elementor-element-b444b6b elementor-widget elementor-widget-n-accordion\" data-id=\"b444b6b\" data-element_type=\"widget\" data-e-type=\"widget\" data-settings=\"{&quot;default_state&quot;:&quot;all_collapsed&quot;,&quot;max_items_expended&quot;:&quot;one&quot;,&quot;n_accordion_animation_duration&quot;:{&quot;unit&quot;:&quot;ms&quot;,&quot;size&quot;:400,&quot;sizes&quot;:[]}}\" data-widget_type=\"nested-accordion.default\">\n\t\t\t\t<div class=\"elementor-widget-container\">\n\t\t\t\t\t\t\t<div class=\"e-n-accordion\" aria-label=\"Accordion. Open links with Enter or Space, close with Escape, and navigate with Arrow Keys\">\n\t\t\t\t\t\t<details id=\"e-n-accordion-item-1890\" class=\"e-n-accordion-item\" >\n\t\t\t\t<summary class=\"e-n-accordion-item-title\" data-accordion-index=\"1\" tabindex=\"0\" aria-expanded=\"false\" aria-controls=\"e-n-accordion-item-1890\" >\n\t\t\t\t\t<span class='e-n-accordion-item-title-header'><h3 class=\"e-n-accordion-item-title-text\"> What types of materials are there? <\/h3><\/span>\n\t\t\t\t\t\t\t<span class='e-n-accordion-item-title-icon'>\n\t\t\t<span class='e-opened' ><svg aria-hidden=\"true\" class=\"e-font-icon-svg e-fas-minus\" viewbox=\"0 0 448 512\" xmlns=\"http:\/\/www.w3.org\/2000\/svg\"><path d=\"M416 208H32c-17.67 0-32 14.33-32 32v32c0 17.67 14.33 32 32 32h384c17.67 0 32-14.33 32-32v-32c0-17.67-14.33-32-32-32z\"><\/path><\/svg><\/span>\n\t\t\t<span class='e-closed'><svg aria-hidden=\"true\" class=\"e-font-icon-svg e-fas-plus\" viewbox=\"0 0 448 512\" xmlns=\"http:\/\/www.w3.org\/2000\/svg\"><path d=\"M416 208H272V64c0-17.67-14.33-32-32-32h-32c-17.67 0-32 14.33-32 32v144H32c-17.67 0-32 14.33-32 32v32c0 17.67 14.33 32 32 32h144v144c0 17.67 14.33 32 32 32h32c17.67 0 32-14.33 32-32V304h144c17.67 0 32-14.33 32-32v-32c0-17.67-14.33-32-32-32z\"><\/path><\/svg><\/span>\n\t\t<\/span>\n\n\t\t\t\t\t\t<\/summary>\n\t\t\t\t<div role=\"region\" aria-labelledby=\"e-n-accordion-item-1890\" class=\"elementor-element elementor-element-f731459 e-flex e-con-boxed e-con e-child\" data-id=\"f731459\" data-element_type=\"container\" data-e-type=\"container\">\n\t\t\t\t\t<div class=\"e-con-inner\">\n\t\t\t\t<div class=\"elementor-element elementor-element-d746e14 elementor-widget elementor-widget-text-editor\" data-id=\"d746e14\" data-element_type=\"widget\" data-e-type=\"widget\" data-widget_type=\"text-editor.default\">\n\t\t\t\t<div class=\"elementor-widget-container\">\n\t\t\t\t\t\t\t\t\t<div><h3>Material types \u2013 Glass and Ceramics<\/h3><p><strong>Glass:<\/strong><\/p><ul><li>Soda-lime glass (standard household glass)<\/li><li>Borosilicate glass (heat-resistant)<\/li><li>Tempered glass<\/li><li>Crystal glass \/ leaded glass<\/li><li>Colored or decorated glass<\/li><\/ul><p><strong>Ceramics:<\/strong><\/p><ul><li>Earthenware (porous, glazed)<\/li><li>Stoneware (dense, durable)<\/li><li>Porcelain<\/li><li>Glazed ceramics<\/li><li>Decorated ceramics<\/li><li>Low-fired \/ raku ceramics (not food-safe)<\/li><\/ul><\/div>\t\t\t\t\t\t\t\t<\/div>\n\t\t\t\t<\/div>\n\t\t\t\t\t<\/div>\n\t\t\t\t<\/div>\n\t\t\t\t\t<\/details>\n\t\t\t\t\t\t<details id=\"e-n-accordion-item-1891\" class=\"e-n-accordion-item\" >\n\t\t\t\t<summary class=\"e-n-accordion-item-title\" data-accordion-index=\"2\" tabindex=\"-1\" aria-expanded=\"false\" aria-controls=\"e-n-accordion-item-1891\" >\n\t\t\t\t\t<span class='e-n-accordion-item-title-header'><h3 class=\"e-n-accordion-item-title-text\"> Legislation and external references <\/h3><\/span>\n\t\t\t\t\t\t\t<span class='e-n-accordion-item-title-icon'>\n\t\t\t<span class='e-opened' ><svg aria-hidden=\"true\" class=\"e-font-icon-svg e-fas-minus\" viewbox=\"0 0 448 512\" xmlns=\"http:\/\/www.w3.org\/2000\/svg\"><path d=\"M416 208H32c-17.67 0-32 14.33-32 32v32c0 17.67 14.33 32 32 32h384c17.67 0 32-14.33 32-32v-32c0-17.67-14.33-32-32-32z\"><\/path><\/svg><\/span>\n\t\t\t<span class='e-closed'><svg aria-hidden=\"true\" class=\"e-font-icon-svg e-fas-plus\" viewbox=\"0 0 448 512\" xmlns=\"http:\/\/www.w3.org\/2000\/svg\"><path d=\"M416 208H272V64c0-17.67-14.33-32-32-32h-32c-17.67 0-32 14.33-32 32v144H32c-17.67 0-32 14.33-32 32v32c0 17.67 14.33 32 32 32h144v144c0 17.67 14.33 32 32 32h32c17.67 0 32-14.33 32-32V304h144c17.67 0 32-14.33 32-32v-32c0-17.67-14.33-32-32-32z\"><\/path><\/svg><\/span>\n\t\t<\/span>\n\n\t\t\t\t\t\t<\/summary>\n\t\t\t\t<div role=\"region\" aria-labelledby=\"e-n-accordion-item-1891\" class=\"elementor-element elementor-element-1e89e9f e-con-full e-flex e-con e-child\" data-id=\"1e89e9f\" data-element_type=\"container\" data-e-type=\"container\">\n\t\t\t\t<div class=\"elementor-element elementor-element-fb55f0a elementor-widget elementor-widget-text-editor\" data-id=\"fb55f0a\" data-element_type=\"widget\" data-e-type=\"widget\" data-widget_type=\"text-editor.default\">\n\t\t\t\t<div class=\"elementor-widget-container\">\n\t\t\t\t\t\t\t\t\t<div><h3>Legislation and guidelines for glass and ceramics<\/h3><p><strong>Tip:<\/strong> Always use the latest legal text. Select <em>\"In force\"<\/em> and <em>the latest consolidated version<\/em> on EUR-Lex.<\/p><ul><li><a href=\"https:\/\/eur-lex.europa.eu\/legal-content\/DA\/TXT\/?uri=CELEX:32004R1935\" target=\"_blank\" rel=\"noopener\">Regulation (EC) No. 1935\/2004<\/a>: General requirements for all materials for food contact, including glass and ceramics.<\/li><li><a href=\"https:\/\/eur-lex.europa.eu\/legal-content\/EN\/TXT\/?uri=CELEX:02004R1935-20210327\" target=\"_blank\" rel=\"noopener\">Regulation (EC) No. 2023\/2006<\/a>: Requirements for good manufacturing practice (GMP).<\/li><li><a href=\"https:\/\/eur-lex.europa.eu\/legal-content\/DA\/ALL\/?uri=CELEX:31984L0500\" target=\"_blank\" rel=\"noopener\">Directive 84\/500\/EEC<\/a>: Specific requirements for ceramics, including tests for lead and cadmium.<\/li><li><a href=\"https:\/\/en.foedevarestyrelsen.dk\/food\/food-safety-and-hygiene\/food-contact-materials\" target=\"_blank\" rel=\"noopener\">Danish executive order<\/a>: National requirements for documentation and labeling.<\/li><\/ul><\/div>\t\t\t\t\t\t\t\t<\/div>\n\t\t\t\t<\/div>\n\t\t\t\t<\/div>\n\t\t\t\t\t<\/details>\n\t\t\t\t\t\t<details id=\"e-n-accordion-item-1892\" class=\"e-n-accordion-item\" >\n\t\t\t\t<summary class=\"e-n-accordion-item-title\" data-accordion-index=\"3\" tabindex=\"-1\" aria-expanded=\"false\" aria-controls=\"e-n-accordion-item-1892\" >\n\t\t\t\t\t<span class='e-n-accordion-item-title-header'><h3 class=\"e-n-accordion-item-title-text\"> FAQ \u2013 Testing and documentation of glass and ceramics <\/h3><\/span>\n\t\t\t\t\t\t\t<span class='e-n-accordion-item-title-icon'>\n\t\t\t<span class='e-opened' ><svg aria-hidden=\"true\" class=\"e-font-icon-svg e-fas-minus\" viewbox=\"0 0 448 512\" xmlns=\"http:\/\/www.w3.org\/2000\/svg\"><path d=\"M416 208H32c-17.67 0-32 14.33-32 32v32c0 17.67 14.33 32 32 32h384c17.67 0 32-14.33 32-32v-32c0-17.67-14.33-32-32-32z\"><\/path><\/svg><\/span>\n\t\t\t<span class='e-closed'><svg aria-hidden=\"true\" class=\"e-font-icon-svg e-fas-plus\" viewbox=\"0 0 448 512\" xmlns=\"http:\/\/www.w3.org\/2000\/svg\"><path d=\"M416 208H272V64c0-17.67-14.33-32-32-32h-32c-17.67 0-32 14.33-32 32v144H32c-17.67 0-32 14.33-32 32v32c0 17.67 14.33 32 32 32h144v144c0 17.67 14.33 32 32 32h32c17.67 0 32-14.33 32-32V304h144c17.67 0 32-14.33 32-32v-32c0-17.67-14.33-32-32-32z\"><\/path><\/svg><\/span>\n\t\t<\/span>\n\n\t\t\t\t\t\t<\/summary>\n\t\t\t\t<div role=\"region\" aria-labelledby=\"e-n-accordion-item-1892\" class=\"elementor-element elementor-element-7dc3d0d e-flex e-con-boxed e-con e-child\" data-id=\"7dc3d0d\" data-element_type=\"container\" data-e-type=\"container\">\n\t\t\t\t\t<div class=\"e-con-inner\">\n\t\t\t\t<div class=\"elementor-element elementor-element-2019c19 elementor-widget elementor-widget-text-editor\" data-id=\"2019c19\" data-element_type=\"widget\" data-e-type=\"widget\" data-widget_type=\"text-editor.default\">\n\t\t\t\t<div class=\"elementor-widget-container\">\n\t\t\t\t\t\t\t\t\t<div><h3>FAQ \u2013 Testing and documentation of glass and ceramics<\/h3><dl><dt>What substances are tested in glass and ceramics for food contact?<\/dt><dd>Primarily heavy metals such as lead (Pb) and cadmium (Cd). The test follows <a href=\"https:\/\/eur-lex.europa.eu\/legal-content\/DA\/ALL\/?uri=CELEX:31984L0500\" target=\"_blank\" rel=\"noopener\">EU Directive 84\/500\/EEC<\/a> and Danish regulations.<\/dd><dt>How are glass and ceramics tested?<\/dt><dd>The material is exposed to food simulants and the release of heavy metals is measured. The results are compared with limit values \u200b\u200bset in legislation.<\/dd><dt>Is there a requirement for a Declaration of Compliance (DoC)?<\/dt><dd>Yes. Manufacturers and importers must document compliance with limit values \u200b\u200band testing requirements. See <a href=\"https:\/\/www.fcmtesting.com\/en\/fodevarekontaktmaterialer\/overensstemmelse\/\">guide to DoC<\/a>.<\/dd><dt>Which products are covered?<\/dt><dd>All glass and ceramic products intended for contact with food \u2013 e.g. plates, mugs, bowls, storage jars and baking tins. Decorative items that may come into contact with food are also covered.<\/dd><\/dl><\/div>\t\t\t\t\t\t\t\t<\/div>\n\t\t\t\t<\/div>\n\t\t\t\t\t<\/div>\n\t\t\t\t<\/div>\n\t\t\t\t\t<\/details>\n\t\t\t\t\t<\/div>\n\t\t\t\t\t\t<\/div>\n\t\t\t\t<\/div>\n\t\t\t\t<div class=\"elementor-element elementor-element-ce965c5 elementor-hidden-tablet elementor-hidden-mobile kontakt-side elementor-widget elementor-widget-button\" data-id=\"ce965c5\" data-element_type=\"widget\" data-e-type=\"widget\" data-widget_type=\"button.default\">\n\t\t\t\t<div class=\"elementor-widget-container\">\n\t\t\t\t\t\t\t\t\t<div class=\"elementor-button-wrapper\">\n\t\t\t\t\t<a class=\"elementor-button elementor-button-link elementor-size-sm\" href=\"https:\/\/www.fcmtesting.com\/en\/kontakt-fcmtesting-aps\/\" target=\"_blank\">\n\t\t\t\t\t\t<span class=\"elementor-button-content-wrapper\">\n\t\t\t\t\t\t\t\t\t<span class=\"elementor-button-text\">CONTACT US<\/span>\n\t\t\t\t\t<\/span>\n\t\t\t\t\t<\/a>\n\t\t\t\t<\/div>\n\t\t\t\t\t\t\t\t<\/div>\n\t\t\t\t<\/div>\n\t\t\t\t\t<\/div>\n\t\t\t\t<\/div>\n\t\t\t\t<\/div>","protected":false},"excerpt":{"rendered":"<p>GLAS &amp; KERAMIK Vi tester, dokumenterer og r\u00e5dgiver, s\u00e5 jeres produkter lever op til g\u00e6ldende lovkrav. Sikkerhed er afg\u00f8rende, n\u00e5r [&hellip;]<\/p>\n","protected":false},"author":1,"featured_media":0,"parent":13945,"menu_order":0,"comment_status":"closed","ping_status":"closed","template":"","meta":{"site-sidebar-layout":"no-sidebar","site-content-layout":"","ast-site-content-layout":"full-width-container","site-content-style":"default","site-sidebar-style":"default","ast-global-header-display":"","ast-banner-title-visibility":"","ast-main-header-display":"","ast-hfb-above-header-display":"","ast-hfb-below-header-display":"","ast-hfb-mobile-header-display":"","site-post-title":"disabled","ast-breadcrumbs-content":"","ast-featured-img":"disabled","footer-sml-layout":"","theme-transparent-header-meta":"","adv-header-id-meta":"","stick-header-meta":"","header-above-stick-meta":"","header-main-stick-meta":"","header-below-stick-meta":"","astra-migrate-meta-layouts":"default","ast-page-background-enabled":"default","ast-page-background-meta":{"desktop":{"background-color":"var(--ast-global-color-5)","background-image":"","background-repeat":"repeat","background-position":"center center","background-size":"auto","background-attachment":"scroll","background-type":"","background-media":"","overlay-type":"","overlay-color":"","overlay-opacity":"","overlay-gradient":""},"tablet":{"background-color":"","background-image":"","background-repeat":"repeat","background-position":"center center","background-size":"auto","background-attachment":"scroll","background-type":"","background-media":"","overlay-type":"","overlay-color":"","overlay-opacity":"","overlay-gradient":""},"mobile":{"background-color":"","background-image":"","background-repeat":"repeat","background-position":"center center","background-size":"auto","background-attachment":"scroll","background-type":"","background-media":"","overlay-type":"","overlay-color":"","overlay-opacity":"","overlay-gradient":""}},"ast-content-background-meta":{"desktop":{"background-color":"var(--ast-global-color-4)","background-image":"","background-repeat":"repeat","background-position":"center center","background-size":"auto","background-attachment":"scroll","background-type":"","background-media":"","overlay-type":"","overlay-color":"","overlay-opacity":"","overlay-gradient":""},"tablet":{"background-color":"var(--ast-global-color-4)","background-image":"","background-repeat":"repeat","background-position":"center center","background-size":"auto","background-attachment":"scroll","background-type":"","background-media":"","overlay-type":"","overlay-color":"","overlay-opacity":"","overlay-gradient":""},"mobile":{"background-color":"var(--ast-global-color-4)","background-image":"","background-repeat":"repeat","background-position":"center center","background-size":"auto","background-attachment":"scroll","background-type":"","background-media":"","overlay-type":"","overlay-color":"","overlay-opacity":"","overlay-gradient":""}},"footnotes":""},"class_list":["post-12779","page","type-page","status-publish","hentry"],"_links":{"self":[{"href":"https:\/\/www.fcmtesting.com\/en\/wp-json\/wp\/v2\/pages\/12779","targetHints":{"allow":["GET"]}}],"collection":[{"href":"https:\/\/www.fcmtesting.com\/en\/wp-json\/wp\/v2\/pages"}],"about":[{"href":"https:\/\/www.fcmtesting.com\/en\/wp-json\/wp\/v2\/types\/page"}],"author":[{"embeddable":true,"href":"https:\/\/www.fcmtesting.com\/en\/wp-json\/wp\/v2\/users\/1"}],"replies":[{"embeddable":true,"href":"https:\/\/www.fcmtesting.com\/en\/wp-json\/wp\/v2\/comments?post=12779"}],"version-history":[{"count":212,"href":"https:\/\/www.fcmtesting.com\/en\/wp-json\/wp\/v2\/pages\/12779\/revisions"}],"predecessor-version":[{"id":16594,"href":"https:\/\/www.fcmtesting.com\/en\/wp-json\/wp\/v2\/pages\/12779\/revisions\/16594"}],"up":[{"embeddable":true,"href":"https:\/\/www.fcmtesting.com\/en\/wp-json\/wp\/v2\/pages\/13945"}],"wp:attachment":[{"href":"https:\/\/www.fcmtesting.com\/en\/wp-json\/wp\/v2\/media?parent=12779"}],"curies":[{"name":"wp","href":"https:\/\/api.w.org\/{rel}","templated":true}]}}