{"id":12653,"date":"2025-03-11T14:05:54","date_gmt":"2025-03-11T13:05:54","guid":{"rendered":"https:\/\/www.fcmtesting.com\/wp-content\/mystaging01\/?page_id=12653"},"modified":"2025-10-30T11:02:27","modified_gmt":"2025-10-30T10:02:27","slug":"silikone","status":"publish","type":"page","link":"https:\/\/www.fcmtesting.com\/en\/fodevarekontaktmaterialer\/silikone\/","title":{"rendered":"Silicone"},"content":{"rendered":"\t\t<div data-elementor-type=\"wp-page\" data-elementor-id=\"12653\" class=\"elementor elementor-12653\">\n\t\t\t\t<div class=\"elementor-element elementor-element-45ded33 e-con-full e-flex e-con e-parent\" data-id=\"45ded33\" data-element_type=\"container\" data-e-type=\"container\">\n\t\t\t\t<div class=\"elementor-element elementor-element-ed8298a elementor-widget elementor-widget-heading\" data-id=\"ed8298a\" data-element_type=\"widget\" data-e-type=\"widget\" data-widget_type=\"heading.default\">\n\t\t\t\t<div class=\"elementor-widget-container\">\n\t\t\t\t\t<h1 class=\"elementor-heading-title elementor-size-default\">SILIKONE<\/h1>\t\t\t\t<\/div>\n\t\t\t\t<\/div>\n\t\t\t\t<div class=\"elementor-element elementor-element-f32bd6b elementor-widget elementor-widget-heading\" data-id=\"f32bd6b\" data-element_type=\"widget\" data-e-type=\"widget\" data-widget_type=\"heading.default\">\n\t\t\t\t<div class=\"elementor-widget-container\">\n\t\t\t\t\t<p class=\"elementor-heading-title elementor-size-default\">Vi tester, dokumenterer og r\u00e5dgiver, s\u00e5 jeres produkter lever op til g\u00e6ldende lovkrav.<\/p>\t\t\t\t<\/div>\n\t\t\t\t<\/div>\n\t\t\t\t<\/div>\n\t\t<div class=\"elementor-element elementor-element-5ad0a06 e-flex e-con-boxed e-con e-parent\" data-id=\"5ad0a06\" data-element_type=\"container\" data-e-type=\"container\">\n\t\t\t\t\t<div class=\"e-con-inner\">\n\t\t\t\t<div class=\"elementor-element elementor-element-ddd0301 elementor-widget elementor-widget-spacer\" data-id=\"ddd0301\" data-element_type=\"widget\" data-e-type=\"widget\" data-widget_type=\"spacer.default\">\n\t\t\t\t<div class=\"elementor-widget-container\">\n\t\t\t\t\t\t\t<div class=\"elementor-spacer\">\n\t\t\t<div class=\"elementor-spacer-inner\"><\/div>\n\t\t<\/div>\n\t\t\t\t\t\t<\/div>\n\t\t\t\t<\/div>\n\t\t\t\t<div class=\"elementor-element elementor-element-46343d8 elementor-widget elementor-widget-image\" data-id=\"46343d8\" data-element_type=\"widget\" data-e-type=\"widget\" data-widget_type=\"image.default\">\n\t\t\t\t<div class=\"elementor-widget-container\">\n\t\t\t\t\t\t\t\t\t\t\t\t\t\t\t<img loading=\"lazy\" decoding=\"async\" width=\"768\" height=\"512\" src=\"https:\/\/www.fcmtesting.com\/wp-content\/uploads\/2025\/08\/Silikone-768x512.webp\" class=\"attachment-medium_large size-medium_large wp-image-14245\" alt=\"Silikone\" srcset=\"https:\/\/www.fcmtesting.com\/wp-content\/uploads\/2025\/08\/Silikone-768x512.webp 768w, https:\/\/www.fcmtesting.com\/wp-content\/uploads\/2025\/08\/Silikone-450x300.webp 450w, https:\/\/www.fcmtesting.com\/wp-content\/uploads\/2025\/08\/Silikone-1536x1024.webp 1536w, https:\/\/www.fcmtesting.com\/wp-content\/uploads\/2025\/08\/Silikone.webp 1620w\" sizes=\"auto, (max-width: 768px) 100vw, 768px\" \/>\t\t\t\t\t\t\t\t\t\t\t\t\t\t\t<\/div>\n\t\t\t\t<\/div>\n\t\t\t\t<div class=\"elementor-element elementor-element-2c5f337 elementor-widget elementor-widget-spacer\" data-id=\"2c5f337\" data-element_type=\"widget\" data-e-type=\"widget\" data-widget_type=\"spacer.default\">\n\t\t\t\t<div class=\"elementor-widget-container\">\n\t\t\t\t\t\t\t<div class=\"elementor-spacer\">\n\t\t\t<div class=\"elementor-spacer-inner\"><\/div>\n\t\t<\/div>\n\t\t\t\t\t\t<\/div>\n\t\t\t\t<\/div>\n\t\t\t\t\t<\/div>\n\t\t\t\t<\/div>\n\t\t<div class=\"elementor-element elementor-element-8c8da3c e-flex e-con-boxed e-con e-parent\" data-id=\"8c8da3c\" data-element_type=\"container\" data-e-type=\"container\">\n\t\t\t\t\t<div class=\"e-con-inner\">\n\t\t<div class=\"elementor-element elementor-element-8ef28d2 e-con-full e-flex e-con e-child\" data-id=\"8ef28d2\" data-element_type=\"container\" data-e-type=\"container\">\n\t\t\t\t<div class=\"elementor-element elementor-element-3e5008d elementor-widget elementor-widget-text-editor\" data-id=\"3e5008d\" data-element_type=\"widget\" data-e-type=\"widget\" data-widget_type=\"text-editor.default\">\n\t\t\t\t<div class=\"elementor-widget-container\">\n\t\t\t\t\t\t\t\t\t<p data-start=\"113\" data-end=\"448\">Det er afg\u00f8rende, at silikone-materialer er sikre at anvende i kontakt med f\u00f8devarer. Hos FCMtesting ApS, med base i Odder t\u00e6t p\u00e5 Aarhus, hj\u00e6lper vi jer med at sikre, at jeres materialer lever op til g\u00e6ldende EU-regler og internationale standarder, s\u00e5 I trygt kan bringe jeres produkter p\u00e5 markedet.<\/p><p data-start=\"113\" data-end=\"448\">Silikone i f\u00f8devarekontakt skal overholde relevante EU-regler, herunder <strong><a href=\"https:\/\/eur-lex.europa.eu\/legal-content\/DA\/TXT\/?uri=celex:32004R1935\" target=\"_blank\" rel=\"noopener\">Forordning (EF) Nr. 1935\/2004<\/a><\/strong> om materialer og genstande bestemt til kontakt med f\u00f8devarer. Selvom silikone ikke er omfattet af Plastforordningen (EU) Nr. 10\/2011, skal det stadig leve op til generelle sikkerhedskrav, herunder at det ikke m\u00e5 afgive skadelige stoffer i m\u00e6ngder, der kan p\u00e5virke f\u00f8devaresikkerheden. Nationale retningslinjer og specifikke testkrav kan ogs\u00e5 g\u00e6lde for at sikre, at silikoneprodukter er egnet til f\u00f8devarekontakt.<\/p><p data-start=\"450\" data-end=\"479\">Hos FCMtesting tilbyder vi:<\/p><ul data-start=\"480\" data-end=\"883\"><li data-start=\"480\" data-end=\"588\"><strong data-start=\"482\" data-end=\"500\">Migrationstest<\/strong> for at sikre, at jeres produkt ikke afgiver skadelige stoffer over de tilladte gr\u00e6nser.<\/li><li data-start=\"589\" data-end=\"692\"><strong data-start=\"591\" data-end=\"621\">Overensstemmelseserkl\u00e6ring<\/strong> i henhold til EU-reglerne, s\u00e5 jeres dokumentation er juridisk korrekt.<\/li><li data-start=\"793\" data-end=\"883\"><strong data-start=\"795\" data-end=\"809\">R\u00e5dgivning<\/strong> om g\u00e6ldende lovkrav og dokumentationskrav, s\u00e5 I opn\u00e5r fuld compliance.<\/li><\/ul><p data-start=\"885\" data-end=\"1007\">For produkter, der eksporteres uden for EU, kan der g\u00e6lde yderligere krav, som vi ogs\u00e5 kan hj\u00e6lpe jer med at navigere i. Silikone i f\u00f8devarekontakt skal overholde relevante EU-regler, herunder Forordning (EF) Nr. 1935\/2004 om materialer og genstande bestemt til kontakt med f\u00f8devarer. Selvom silikone ikke er omfattet af Plastforordningen (EU) Nr. 10\/2011, skal det stadig leve op til generelle sikkerhedskrav, herunder at det ikke m\u00e5 afgive skadelige stoffer i m\u00e6ngder, der kan p\u00e5virke f\u00f8devaresikkerheden. Nationale retningslinjer og specifikke testkrav kan ogs\u00e5 g\u00e6lde for at sikre, at silikoneprodukter er egnet til f\u00f8devarekontakt.<\/p>\t\t\t\t\t\t\t\t<\/div>\n\t\t\t\t<\/div>\n\t\t\t\t<\/div>\n\t\t\t\t<div class=\"elementor-element elementor-element-b943f84 elementor-widget elementor-widget-heading\" data-id=\"b943f84\" data-element_type=\"widget\" data-e-type=\"widget\" data-widget_type=\"heading.default\">\n\t\t\t\t<div class=\"elementor-widget-container\">\n\t\t\t\t\t<h2 class=\"elementor-heading-title elementor-size-default\">FIND FLERE INFORMATIONER OM SILIKONE PRODUKTER<\/h2>\t\t\t\t<\/div>\n\t\t\t\t<\/div>\n\t\t\t\t<div class=\"elementor-element elementor-element-b88c5b1 elementor-widget elementor-widget-n-accordion\" data-id=\"b88c5b1\" data-element_type=\"widget\" data-e-type=\"widget\" data-settings=\"{&quot;default_state&quot;:&quot;all_collapsed&quot;,&quot;max_items_expended&quot;:&quot;one&quot;,&quot;n_accordion_animation_duration&quot;:{&quot;unit&quot;:&quot;ms&quot;,&quot;size&quot;:400,&quot;sizes&quot;:[]}}\" data-widget_type=\"nested-accordion.default\">\n\t\t\t\t<div class=\"elementor-widget-container\">\n\t\t\t\t\t\t\t<div class=\"e-n-accordion\" aria-label=\"Accordion. Open links with Enter or Space, close with Escape, and navigate with Arrow Keys\">\n\t\t\t\t\t\t<details id=\"e-n-accordion-item-1930\" class=\"e-n-accordion-item\" >\n\t\t\t\t<summary class=\"e-n-accordion-item-title\" data-accordion-index=\"1\" tabindex=\"0\" aria-expanded=\"false\" aria-controls=\"e-n-accordion-item-1930\" >\n\t\t\t\t\t<span class='e-n-accordion-item-title-header'><h3 class=\"e-n-accordion-item-title-text\"> Hvilke materialetyper er der? <\/h3><\/span>\n\t\t\t\t\t\t\t<span class='e-n-accordion-item-title-icon'>\n\t\t\t<span class='e-opened' ><svg aria-hidden=\"true\" class=\"e-font-icon-svg e-fas-minus\" viewBox=\"0 0 448 512\" xmlns=\"http:\/\/www.w3.org\/2000\/svg\"><path d=\"M416 208H32c-17.67 0-32 14.33-32 32v32c0 17.67 14.33 32 32 32h384c17.67 0 32-14.33 32-32v-32c0-17.67-14.33-32-32-32z\"><\/path><\/svg><\/span>\n\t\t\t<span class='e-closed'><svg aria-hidden=\"true\" class=\"e-font-icon-svg e-fas-plus\" viewBox=\"0 0 448 512\" xmlns=\"http:\/\/www.w3.org\/2000\/svg\"><path d=\"M416 208H272V64c0-17.67-14.33-32-32-32h-32c-17.67 0-32 14.33-32 32v144H32c-17.67 0-32 14.33-32 32v32c0 17.67 14.33 32 32 32h144v144c0 17.67 14.33 32 32 32h32c17.67 0 32-14.33 32-32V304h144c17.67 0 32-14.33 32-32v-32c0-17.67-14.33-32-32-32z\"><\/path><\/svg><\/span>\n\t\t<\/span>\n\n\t\t\t\t\t\t<\/summary>\n\t\t\t\t<div role=\"region\" aria-labelledby=\"e-n-accordion-item-1930\" class=\"elementor-element elementor-element-4ea6f97 e-flex e-con-boxed e-con e-child\" data-id=\"4ea6f97\" data-element_type=\"container\" data-e-type=\"container\">\n\t\t\t\t\t<div class=\"e-con-inner\">\n\t\t\t\t<div class=\"elementor-element elementor-element-2ecf724 elementor-widget elementor-widget-text-editor\" data-id=\"2ecf724\" data-element_type=\"widget\" data-e-type=\"widget\" data-widget_type=\"text-editor.default\">\n\t\t\t\t<div class=\"elementor-widget-container\">\n\t\t\t\t\t\t\t\t\t<div><h3>Silikonetyper anvendt til f\u00f8devarekontakt<\/h3><p>De mest anvendte typer af silikone i f\u00f8devarekontaktmaterialer omfatter:<\/p><ul><li><strong>Silikoneelastomerer<\/strong> (gummi)<\/li><li><strong>Silikoneharpikser<\/strong><\/li><li><strong>Silikoneolier<\/strong><\/li><li><strong>Silikonegeler<\/strong><\/li><li><strong>RTV-silikone<\/strong> (Room Temperature Vulcanizing)<\/li><\/ul><\/div><p><script type=\"application\/ld+json\">\n{\n  \"@context\": \"https:\/\/schema.org\",\n  \"@type\": \"DefinedTermSet\",\n  \"name\": \"Silikonetyper anvendt til f\u00f8devarekontakt\",\n  \"hasDefinedTerm\": [\n    { \"@type\": \"DefinedTerm\", \"name\": \"Silikoneelastomerer\", \"description\": \"Gummiagtige silikoner med h\u00f8j fleksibilitet og varmebestandighed.\" },\n    { \"@type\": \"DefinedTerm\", \"name\": \"Silikoneharpikser\", \"description\": \"H\u00e5rde silikoner med god kemisk stabilitet, anvendt i coatings.\" },\n    { \"@type\": \"DefinedTerm\", \"name\": \"Silikoneolier\", \"description\": \"Flydende silikoner med sm\u00f8rende og varmebestandige egenskaber.\" },\n    { \"@type\": \"DefinedTerm\", \"name\": \"Silikonegeler\", \"description\": \"Bl\u00f8de og formbare silikoner, ofte anvendt i t\u00e6tninger og medicinsk udstyr.\" },\n    { \"@type\": \"DefinedTerm\", \"name\": \"RTV-silikone\", \"description\": \"Silikone der h\u00e6rder ved stuetemperatur, anvendt til st\u00f8bning og t\u00e6tning.\" }\n  ]\n}\n<\/script><\/p>\t\t\t\t\t\t\t\t<\/div>\n\t\t\t\t<\/div>\n\t\t\t\t\t<\/div>\n\t\t\t\t<\/div>\n\t\t\t\t\t<\/details>\n\t\t\t\t\t\t<details id=\"e-n-accordion-item-1931\" class=\"e-n-accordion-item\" >\n\t\t\t\t<summary class=\"e-n-accordion-item-title\" data-accordion-index=\"2\" tabindex=\"-1\" aria-expanded=\"false\" aria-controls=\"e-n-accordion-item-1931\" >\n\t\t\t\t\t<span class='e-n-accordion-item-title-header'><h3 class=\"e-n-accordion-item-title-text\"> Lovgivning og eksterne henvisninger <\/h3><\/span>\n\t\t\t\t\t\t\t<span class='e-n-accordion-item-title-icon'>\n\t\t\t<span class='e-opened' ><svg aria-hidden=\"true\" class=\"e-font-icon-svg e-fas-minus\" viewBox=\"0 0 448 512\" xmlns=\"http:\/\/www.w3.org\/2000\/svg\"><path d=\"M416 208H32c-17.67 0-32 14.33-32 32v32c0 17.67 14.33 32 32 32h384c17.67 0 32-14.33 32-32v-32c0-17.67-14.33-32-32-32z\"><\/path><\/svg><\/span>\n\t\t\t<span class='e-closed'><svg aria-hidden=\"true\" class=\"e-font-icon-svg e-fas-plus\" viewBox=\"0 0 448 512\" xmlns=\"http:\/\/www.w3.org\/2000\/svg\"><path d=\"M416 208H272V64c0-17.67-14.33-32-32-32h-32c-17.67 0-32 14.33-32 32v144H32c-17.67 0-32 14.33-32 32v32c0 17.67 14.33 32 32 32h144v144c0 17.67 14.33 32 32 32h32c17.67 0 32-14.33 32-32V304h144c17.67 0 32-14.33 32-32v-32c0-17.67-14.33-32-32-32z\"><\/path><\/svg><\/span>\n\t\t<\/span>\n\n\t\t\t\t\t\t<\/summary>\n\t\t\t\t<div role=\"region\" aria-labelledby=\"e-n-accordion-item-1931\" class=\"elementor-element elementor-element-64000ec e-con-full e-flex e-con e-child\" data-id=\"64000ec\" data-element_type=\"container\" data-e-type=\"container\">\n\t\t\t\t<div class=\"elementor-element elementor-element-b530aed elementor-widget elementor-widget-text-editor\" data-id=\"b530aed\" data-element_type=\"widget\" data-e-type=\"widget\" data-widget_type=\"text-editor.default\">\n\t\t\t\t<div class=\"elementor-widget-container\">\n\t\t\t\t\t\t\t\t\t<div><h3>Lovgivning om silikone til f\u00f8devarekontakt<\/h3><p><strong>Tip:<\/strong> Brug altid den nyeste lovtekst. V\u00e6lg <em>&#8220;In force&#8221; \/ &#8220;I kraft&#8221;<\/em> og den <em>seneste konsoliderede version<\/em> p\u00e5 EUR-Lex.<\/p><ul><li><a href=\"https:\/\/eur-lex.europa.eu\/legal-content\/DA\/TXT\/?uri=CELEX:32004R1935\" target=\"_blank\" rel=\"noopener\">Forordning (EF) nr. 1935\/2004<\/a>: Generelle krav til alle materialer bestemt til kontakt med f\u00f8devarer, herunder silikone.<\/li><li><a href=\"https:\/\/eur-lex.europa.eu\/legal-content\/DA\/TXT\/?uri=CELEX:32011R0010\" target=\"_blank\" rel=\"noopener\">Forordning (EU) nr. 10\/2011<\/a>: G\u00e6lder prim\u00e6rt plast, men visse silikonebaserede materialer kan v\u00e6re omfattet.<\/li><li><a href=\"https:\/\/eur-lex.europa.eu\/legal-content\/DA\/TXT\/?uri=CELEX:32024R3190\" target=\"_blank\" rel=\"noopener\">Forordning (EU) 2024\/3190<\/a>: Begr\u00e6nsninger for bisphenoler i materialer til f\u00f8devarekontakt.<\/li><li><a href=\"https:\/\/eur-lex.europa.eu\/legal-content\/DA\/TXT\/?uri=CELEX:32022R1616\" target=\"_blank\" rel=\"noopener\">Forordning (EU) 2022\/1616<\/a>: Krav til genanvendt plast \u2013 relevant ved hybridmaterialer.<\/li><li><a href=\"https:\/\/eur-lex.europa.eu\/legal-content\/DA\/TXT\/?uri=CELEX:32006R2023\" target=\"_blank\" rel=\"noopener\">Forordning (EF) nr. 2023\/2006<\/a>: God fremstillingsm\u00e6ssig praksis for alle materialer til f\u00f8devarekontakt.<\/li><\/ul><\/div><p><script type=\"application\/ld+json\">\n{\n  \"@context\": \"https:\/\/schema.org\",\n  \"@type\": \"Legislation\",\n  \"name\": \"EU-lovgivning om silikone til f\u00f8devarekontakt\",\n  \"legislationType\": \"EU-forordninger\",\n  \"legislationPassedBy\": { \"@type\": \"Organization\", \"name\": \"Europa-Parlamentet og R\u00e5det\" },\n  \"subjectOf\": [\n    { \"@type\": \"LegislationObject\", \"name\": \"Forordning (EF) nr. 1935\/2004\", \"url\": \"https:\/\/eur-lex.europa.eu\/legal-content\/DA\/TXT\/?uri=CELEX:32004R1935\" },\n    { \"@type\": \"LegislationObject\", \"name\": \"Forordning (EU) nr. 10\/2011\", \"url\": \"https:\/\/eur-lex.europa.eu\/legal-content\/DA\/TXT\/?uri=CELEX:32011R0010\" },\n    { \"@type\": \"LegislationObject\", \"name\": \"Forordning (EU) 2024\/3190\", \"url\": \"https:\/\/eur-lex.europa.eu\/legal-content\/DA\/TXT\/?uri=CELEX:32024R3190\" },\n    { \"@type\": \"LegislationObject\", \"name\": \"Forordning (EU) 2022\/1616\", \"url\": \"https:\/\/eur-lex.europa.eu\/legal-content\/DA\/TXT\/?uri=CELEX:32022R1616\" },\n    { \"@type\": \"LegislationObject\", \"name\": \"Forordning (EF) nr. 2023\/2006\", \"url\": \"https:\/\/eur-lex.europa.eu\/legal-content\/DA\/TXT\/?uri=CELEX:32006R2023\" }\n  ]\n}\n<\/script><\/p>\t\t\t\t\t\t\t\t<\/div>\n\t\t\t\t<\/div>\n\t\t\t\t<\/div>\n\t\t\t\t\t<\/details>\n\t\t\t\t\t\t<details id=\"e-n-accordion-item-1932\" class=\"e-n-accordion-item\" >\n\t\t\t\t<summary class=\"e-n-accordion-item-title\" data-accordion-index=\"3\" tabindex=\"-1\" aria-expanded=\"false\" aria-controls=\"e-n-accordion-item-1932\" >\n\t\t\t\t\t<span class='e-n-accordion-item-title-header'><h3 class=\"e-n-accordion-item-title-text\"> FAQ om test og dokumentation af silikone <\/h3><\/span>\n\t\t\t\t\t\t\t<span class='e-n-accordion-item-title-icon'>\n\t\t\t<span class='e-opened' ><svg aria-hidden=\"true\" class=\"e-font-icon-svg e-fas-minus\" viewBox=\"0 0 448 512\" xmlns=\"http:\/\/www.w3.org\/2000\/svg\"><path d=\"M416 208H32c-17.67 0-32 14.33-32 32v32c0 17.67 14.33 32 32 32h384c17.67 0 32-14.33 32-32v-32c0-17.67-14.33-32-32-32z\"><\/path><\/svg><\/span>\n\t\t\t<span class='e-closed'><svg aria-hidden=\"true\" class=\"e-font-icon-svg e-fas-plus\" viewBox=\"0 0 448 512\" xmlns=\"http:\/\/www.w3.org\/2000\/svg\"><path d=\"M416 208H272V64c0-17.67-14.33-32-32-32h-32c-17.67 0-32 14.33-32 32v144H32c-17.67 0-32 14.33-32 32v32c0 17.67 14.33 32 32 32h144v144c0 17.67 14.33 32 32 32h32c17.67 0 32-14.33 32-32V304h144c17.67 0 32-14.33 32-32v-32c0-17.67-14.33-32-32-32z\"><\/path><\/svg><\/span>\n\t\t<\/span>\n\n\t\t\t\t\t\t<\/summary>\n\t\t\t\t<div role=\"region\" aria-labelledby=\"e-n-accordion-item-1932\" class=\"elementor-element elementor-element-5e8d6f2 e-flex e-con-boxed e-con e-child\" data-id=\"5e8d6f2\" data-element_type=\"container\" data-e-type=\"container\">\n\t\t\t\t\t<div class=\"e-con-inner\">\n\t\t\t\t<div class=\"elementor-element elementor-element-b4c296c elementor-widget elementor-widget-text-editor\" data-id=\"b4c296c\" data-element_type=\"widget\" data-e-type=\"widget\" data-widget_type=\"text-editor.default\">\n\t\t\t\t<div class=\"elementor-widget-container\">\n\t\t\t\t\t\t\t\t\t<div><h3>FAQ \u2013 Test og dokumentation af silikone<\/h3><dl><dt>Er silikone til f\u00f8devarekontakt omfattet af specifik EU-lovgivning?<\/dt><dd>Silikone er ikke omfattet af en s\u00e6rskilt EU-forordning som plast, men skal overholde <a href=\"https:\/\/eur-lex.europa.eu\/legal-content\/DA\/TXT\/?uri=CELEX:32004R1935\" target=\"_blank\" rel=\"noopener\">rammeforordning 1935\/2004<\/a>. Overholdelse vurderes via migrationstest og NIAS-analyse.<\/dd><dt>Hvordan testes silikone for sikkerhed ved f\u00f8devarekontakt?<\/dt><dd>Testen omfatter total og specifik migration samt identifikation af NIAS. Vi f\u00f8lger <a href=\"https:\/\/www.efsa.europa.eu\/en\/efsajournal\/pub\/4357\" target=\"_blank\" rel=\"noopener\">EFSA\u2019s retningslinjer<\/a> og anvender\u00a0 vores akkrediterede testmetoder.<\/dd><dt>Hvilke fordele har silikone som f\u00f8devarekontaktmateriale?<\/dt><dd>Silikone er fleksibelt, temperaturbestandigt og kemisk stabilt. Det egner sig til bageforme, redskaber og t\u00e6tninger \u2013 og t\u00e5ler b\u00e5de h\u00f8je og lave temperaturer.<\/dd><dt>Er der s\u00e6rlige krav til dokumentation for silikoneprodukter?<\/dt><dd>Ja. Producenter og import\u00f8rer skal kunne dokumentere overholdelse af rammeforordning 1935\/2004. Se <a href=\"https:\/\/www.fcmtesting.com\/fodevarekontaktmaterialer\/overensstemmelse\/\">guide til DoC<\/a>.<\/dd><\/dl><\/div>\t\t\t\t\t\t\t\t<\/div>\n\t\t\t\t<\/div>\n\t\t\t\t\t<\/div>\n\t\t\t\t<\/div>\n\t\t\t\t\t<\/details>\n\t\t\t\t\t<\/div>\n\t\t\t\t\t\t<\/div>\n\t\t\t\t<\/div>\n\t\t\t\t\t<\/div>\n\t\t\t\t<\/div>\n\t\t<div class=\"elementor-element elementor-element-57c12ef e-flex e-con-boxed e-con e-parent\" data-id=\"57c12ef\" data-element_type=\"container\" data-e-type=\"container\">\n\t\t\t\t\t<div class=\"e-con-inner\">\n\t\t\t\t<div class=\"elementor-element elementor-element-0a4685c elementor-hidden-tablet elementor-hidden-mobile kontakt-side elementor-widget elementor-widget-button\" data-id=\"0a4685c\" data-element_type=\"widget\" data-e-type=\"widget\" data-widget_type=\"button.default\">\n\t\t\t\t<div class=\"elementor-widget-container\">\n\t\t\t\t\t\t\t\t\t<div class=\"elementor-button-wrapper\">\n\t\t\t\t\t<a class=\"elementor-button elementor-button-link elementor-size-sm\" href=\"https:\/\/www.fcmtesting.com\/kontakt-fcmtesting-aps\/\" target=\"_blank\">\n\t\t\t\t\t\t<span class=\"elementor-button-content-wrapper\">\n\t\t\t\t\t\t\t\t\t<span class=\"elementor-button-text\">KONTAKT OS<\/span>\n\t\t\t\t\t<\/span>\n\t\t\t\t\t<\/a>\n\t\t\t\t<\/div>\n\t\t\t\t\t\t\t\t<\/div>\n\t\t\t\t<\/div>\n\t\t\t\t\t<\/div>\n\t\t\t\t<\/div>\n\t\t\t\t<\/div>\n\t\t","protected":false},"excerpt":{"rendered":"<p>SILIKONE Vi tester, dokumenterer og r\u00e5dgiver, s\u00e5 jeres produkter lever op til g\u00e6ldende lovkrav. Det er afg\u00f8rende, at silikone-materialer er [&hellip;]<\/p>\n","protected":false},"author":1,"featured_media":0,"parent":13945,"menu_order":0,"comment_status":"closed","ping_status":"closed","template":"","meta":{"site-sidebar-layout":"default","site-content-layout":"","ast-site-content-layout":"","site-content-style":"default","site-sidebar-style":"default","ast-global-header-display":"","ast-banner-title-visibility":"","ast-main-header-display":"","ast-hfb-above-header-display":"","ast-hfb-below-header-display":"","ast-hfb-mobile-header-display":"","site-post-title":"disabled","ast-breadcrumbs-content":"","ast-featured-img":"","footer-sml-layout":"","theme-transparent-header-meta":"","adv-header-id-meta":"","stick-header-meta":"","header-above-stick-meta":"","header-main-stick-meta":"","header-below-stick-meta":"","astra-migrate-meta-layouts":"default","ast-page-background-enabled":"default","ast-page-background-meta":{"desktop":{"background-color":"var(--ast-global-color-5)","background-image":"","background-repeat":"repeat","background-position":"center center","background-size":"auto","background-attachment":"scroll","background-type":"","background-media":"","overlay-type":"","overlay-color":"","overlay-opacity":"","overlay-gradient":""},"tablet":{"background-color":"","background-image":"","background-repeat":"repeat","background-position":"center center","background-size":"auto","background-attachment":"scroll","background-type":"","background-media":"","overlay-type":"","overlay-color":"","overlay-opacity":"","overlay-gradient":""},"mobile":{"background-color":"","background-image":"","background-repeat":"repeat","background-position":"center center","background-size":"auto","background-attachment":"scroll","background-type":"","background-media":"","overlay-type":"","overlay-color":"","overlay-opacity":"","overlay-gradient":""}},"ast-content-background-meta":{"desktop":{"background-color":"var(--ast-global-color-4)","background-image":"","background-repeat":"repeat","background-position":"center center","background-size":"auto","background-attachment":"scroll","background-type":"","background-media":"","overlay-type":"","overlay-color":"","overlay-opacity":"","overlay-gradient":""},"tablet":{"background-color":"var(--ast-global-color-4)","background-image":"","background-repeat":"repeat","background-position":"center center","background-size":"auto","background-attachment":"scroll","background-type":"","background-media":"","overlay-type":"","overlay-color":"","overlay-opacity":"","overlay-gradient":""},"mobile":{"background-color":"var(--ast-global-color-4)","background-image":"","background-repeat":"repeat","background-position":"center center","background-size":"auto","background-attachment":"scroll","background-type":"","background-media":"","overlay-type":"","overlay-color":"","overlay-opacity":"","overlay-gradient":""}},"footnotes":""},"class_list":["post-12653","page","type-page","status-publish","hentry"],"_links":{"self":[{"href":"https:\/\/www.fcmtesting.com\/en\/wp-json\/wp\/v2\/pages\/12653","targetHints":{"allow":["GET"]}}],"collection":[{"href":"https:\/\/www.fcmtesting.com\/en\/wp-json\/wp\/v2\/pages"}],"about":[{"href":"https:\/\/www.fcmtesting.com\/en\/wp-json\/wp\/v2\/types\/page"}],"author":[{"embeddable":true,"href":"https:\/\/www.fcmtesting.com\/en\/wp-json\/wp\/v2\/users\/1"}],"replies":[{"embeddable":true,"href":"https:\/\/www.fcmtesting.com\/en\/wp-json\/wp\/v2\/comments?post=12653"}],"version-history":[{"count":206,"href":"https:\/\/www.fcmtesting.com\/en\/wp-json\/wp\/v2\/pages\/12653\/revisions"}],"predecessor-version":[{"id":16129,"href":"https:\/\/www.fcmtesting.com\/en\/wp-json\/wp\/v2\/pages\/12653\/revisions\/16129"}],"up":[{"embeddable":true,"href":"https:\/\/www.fcmtesting.com\/en\/wp-json\/wp\/v2\/pages\/13945"}],"wp:attachment":[{"href":"https:\/\/www.fcmtesting.com\/en\/wp-json\/wp\/v2\/media?parent=12653"}],"curies":[{"name":"wp","href":"https:\/\/api.w.org\/{rel}","templated":true}]}}